{"id":368,"date":"2025-06-05T15:57:30","date_gmt":"2025-06-05T13:57:30","guid":{"rendered":"https:\/\/monde-virtuel-beauzelle.fr\/?page_id=368"},"modified":"2026-02-23T20:22:40","modified_gmt":"2026-02-23T19:22:40","slug":"karaoke-box","status":"publish","type":"page","link":"https:\/\/monde-virtuel-beauzelle.fr\/?page_id=368","title":{"rendered":"Karaoke Box"},"content":{"rendered":"\t\t<div data-elementor-type=\"wp-page\" data-elementor-id=\"368\" class=\"elementor elementor-368\" data-elementor-settings=\"{&quot;ha_cmc_init_switcher&quot;:&quot;no&quot;}\">\n\t\t\t\t<div class=\"elementor-element elementor-element-4667946 e-con-full e-flex e-con e-parent\" data-id=\"4667946\" data-element_type=\"container\" data-settings=\"{&quot;background_background&quot;:&quot;video&quot;,&quot;background_video_link&quot;:&quot;https:\\\/\\\/monde-virtuel-beauzelle.fr\\\/wp-content\\\/uploads\\\/2025\\\/06\\\/55825-504238819.mp4&quot;,&quot;background_play_on_mobile&quot;:&quot;yes&quot;,&quot;background_video_start&quot;:22,&quot;background_video_end&quot;:58,&quot;_ha_eqh_enable&quot;:false}\">\n\t\t<div class=\"elementor-background-video-container\">\n\t\t\t\t\t\t\t<video class=\"elementor-background-video-hosted\" autoplay muted playsinline loop><\/video>\n\t\t\t\t\t<\/div><div class=\"elementor-element elementor-element-301098b e-con-full e-flex elementor-invisible e-con e-child\" data-id=\"301098b\" data-element_type=\"container\" data-settings=\"{&quot;animation&quot;:&quot;rollIn&quot;,&quot;_ha_eqh_enable&quot;:false}\">\n\t\t\t\t<div class=\"elementor-element elementor-element-286aff9 elementor-widget elementor-widget-heading\" data-id=\"286aff9\" data-element_type=\"widget\" data-widget_type=\"heading.default\">\n\t\t\t\t<div class=\"elementor-widget-container\">\n\t\t\t\t\t<h2 class=\"elementor-heading-title elementor-size-default\">Karaok\u00e9 Box<\/h2>\t\t\t\t<\/div>\n\t\t\t\t<\/div>\n\t\t\t\t<div class=\"elementor-element elementor-element-4af8c88 elementor-widget elementor-widget-heading\" data-id=\"4af8c88\" data-element_type=\"widget\" data-widget_type=\"heading.default\">\n\t\t\t\t<div class=\"elementor-widget-container\">\n\t\t\t\t\t<h3 class=\"elementor-heading-title elementor-size-default\">TA VOIX, TON SHOW, TON MOMENT DE GLOIRE<\/h3>\t\t\t\t<\/div>\n\t\t\t\t<\/div>\n\t\t\t\t<\/div>\n\t\t\t\t<\/div>\n\t\t<div class=\"elementor-element elementor-element-d364592 e-con-full e-flex e-con e-parent\" data-id=\"d364592\" data-element_type=\"container\" data-settings=\"{&quot;background_background&quot;:&quot;classic&quot;,&quot;_ha_eqh_enable&quot;:false}\">\n\t\t<div class=\"elementor-element elementor-element-a8f05ef e-con-full e-flex e-con e-child\" data-id=\"a8f05ef\" data-element_type=\"container\" data-settings=\"{&quot;_ha_eqh_enable&quot;:false}\">\n\t\t\t\t<div class=\"elementor-element elementor-element-108ece8 elementor-invisible elementor-widget elementor-widget-heading\" data-id=\"108ece8\" data-element_type=\"widget\" data-settings=\"{&quot;_animation&quot;:&quot;fadeIn&quot;}\" data-widget_type=\"heading.default\">\n\t\t\t\t<div class=\"elementor-widget-container\">\n\t\t\t\t\t<h3 class=\"elementor-heading-title elementor-size-default\">CHANTEZ, RIEZ, VIBREZ... BIENVENUE DANS VOTRE SALLE DE CONCERT PRIVEE !<\/h3>\t\t\t\t<\/div>\n\t\t\t\t<\/div>\n\t\t\t\t<div class=\"elementor-element elementor-element-abef15b elementor-widget elementor-widget-spacer\" data-id=\"abef15b\" data-element_type=\"widget\" data-widget_type=\"spacer.default\">\n\t\t\t\t<div class=\"elementor-widget-container\">\n\t\t\t\t\t\t\t<div class=\"elementor-spacer\">\n\t\t\t<div class=\"elementor-spacer-inner\"><\/div>\n\t\t<\/div>\n\t\t\t\t\t\t<\/div>\n\t\t\t\t<\/div>\n\t\t\t\t<div class=\"elementor-element elementor-element-e27daa2 elementor-invisible elementor-widget elementor-widget-text-editor\" data-id=\"e27daa2\" data-element_type=\"widget\" data-settings=\"{&quot;_animation&quot;:&quot;fadeInRight&quot;}\" data-widget_type=\"text-editor.default\">\n\t\t\t\t<div class=\"elementor-widget-container\">\n\t\t\t\t\t\t\t\t\t<p><span style=\"font-style: inherit; font-weight: inherit;\">Pr\u00eat \u00e0 briller comme une star (m\u00eame si tu chantes faux) ?<\/span><\/p>\n<p>Dans notre\u00a0<strong>Karaok\u00e9 Box,<\/strong> choisis tes morceaux pr\u00e9f\u00e9r\u00e9s parmi des centaines de hits, chante \u00e0 fond avec tes amis, et profite d&rsquo;une ambiance cosy et fun, loin des regards g\u00eanants.<\/p>\t\t\t\t\t\t\t\t<\/div>\n\t\t\t\t<\/div>\n\t\t\t\t<div class=\"elementor-element elementor-element-49ff8ec elementor-widget elementor-widget-spacer\" data-id=\"49ff8ec\" data-element_type=\"widget\" data-widget_type=\"spacer.default\">\n\t\t\t\t<div class=\"elementor-widget-container\">\n\t\t\t\t\t\t\t<div class=\"elementor-spacer\">\n\t\t\t<div class=\"elementor-spacer-inner\"><\/div>\n\t\t<\/div>\n\t\t\t\t\t\t<\/div>\n\t\t\t\t<\/div>\n\t\t<div class=\"elementor-element elementor-element-d2f06fd e-con-full e-flex e-con e-child\" data-id=\"d2f06fd\" data-element_type=\"container\" data-settings=\"{&quot;_ha_eqh_enable&quot;:false}\">\n\t\t\t\t<div class=\"elementor-element elementor-element-7600d03 elementor-button-info elementor-invisible elementor-widget elementor-widget-button\" data-id=\"7600d03\" data-element_type=\"widget\" data-settings=\"{&quot;_animation&quot;:&quot;fadeInLeft&quot;}\" data-widget_type=\"button.default\">\n\t\t\t\t<div class=\"elementor-widget-container\">\n\t\t\t\t\t\t\t\t\t<div class=\"elementor-button-wrapper\">\n\t\t\t\t\t<a class=\"elementor-button elementor-size-sm\" role=\"button\">\n\t\t\t\t\t\t<span class=\"elementor-button-content-wrapper\">\n\t\t\t\t\t\t\t\t\t<span class=\"elementor-button-text\">Pr\u00e9viens tes potes : ce soir c'est The Voices... sans les fauteuils qui tournent !<\/span>\n\t\t\t\t\t<\/span>\n\t\t\t\t\t<\/a>\n\t\t\t\t<\/div>\n\t\t\t\t\t\t\t\t<\/div>\n\t\t\t\t<\/div>\n\t\t\t\t<\/div>\n\t\t\t\t<\/div>\n\t\t<div class=\"elementor-element elementor-element-a249c86 e-flex e-con-boxed e-con e-child\" data-id=\"a249c86\" data-element_type=\"container\" data-settings=\"{&quot;_ha_eqh_enable&quot;:false}\">\n\t\t\t\t\t<div class=\"e-con-inner\">\n\t\t\t\t<div class=\"elementor-element elementor-element-188f9d0 elementor-widget elementor-widget-image\" data-id=\"188f9d0\" data-element_type=\"widget\" data-settings=\"{&quot;_animation&quot;:&quot;none&quot;}\" data-widget_type=\"image.default\">\n\t\t\t\t<div class=\"elementor-widget-container\">\n\t\t\t\t\t\t\t\t\t\t\t\t\t\t\t<img fetchpriority=\"high\" decoding=\"async\" width=\"768\" height=\"576\" src=\"https:\/\/monde-virtuel-beauzelle.fr\/wp-content\/uploads\/2026\/02\/WhatsApp-Image-2026-02-23-at-17.55.19-2-768x576.jpeg\" class=\"attachment-medium_large size-medium_large wp-image-636\" alt=\"\" srcset=\"https:\/\/monde-virtuel-beauzelle.fr\/wp-content\/uploads\/2026\/02\/WhatsApp-Image-2026-02-23-at-17.55.19-2-768x576.jpeg 768w, https:\/\/monde-virtuel-beauzelle.fr\/wp-content\/uploads\/2026\/02\/WhatsApp-Image-2026-02-23-at-17.55.19-2-300x225.jpeg 300w, https:\/\/monde-virtuel-beauzelle.fr\/wp-content\/uploads\/2026\/02\/WhatsApp-Image-2026-02-23-at-17.55.19-2-1024x768.jpeg 1024w, https:\/\/monde-virtuel-beauzelle.fr\/wp-content\/uploads\/2026\/02\/WhatsApp-Image-2026-02-23-at-17.55.19-2-1536x1152.jpeg 1536w, https:\/\/monde-virtuel-beauzelle.fr\/wp-content\/uploads\/2026\/02\/WhatsApp-Image-2026-02-23-at-17.55.19-2.jpeg 2048w\" sizes=\"(max-width: 768px) 100vw, 768px\" \/>\t\t\t\t\t\t\t\t\t\t\t\t\t\t\t<\/div>\n\t\t\t\t<\/div>\n\t\t\t\t\t<\/div>\n\t\t\t\t<\/div>\n\t\t\t\t<\/div>\n\t\t<div class=\"elementor-element elementor-element-d1cffc6 e-con-full e-flex e-con e-parent\" data-id=\"d1cffc6\" data-element_type=\"container\" data-settings=\"{&quot;background_background&quot;:&quot;gradient&quot;,&quot;_ha_eqh_enable&quot;:false}\">\n\t\t<div class=\"elementor-element elementor-element-979901f e-flex e-con-boxed e-con e-child\" data-id=\"979901f\" data-element_type=\"container\" data-settings=\"{&quot;_ha_eqh_enable&quot;:false}\">\n\t\t\t\t\t<div class=\"e-con-inner\">\n\t\t\t\t<div class=\"elementor-element elementor-element-eb24f8d elementor-arrows-position-inside elementor-pagination-position-outside elementor-widget elementor-widget-image-carousel\" data-id=\"eb24f8d\" data-element_type=\"widget\" data-settings=\"{&quot;navigation&quot;:&quot;both&quot;,&quot;autoplay&quot;:&quot;yes&quot;,&quot;pause_on_hover&quot;:&quot;yes&quot;,&quot;pause_on_interaction&quot;:&quot;yes&quot;,&quot;autoplay_speed&quot;:5000,&quot;infinite&quot;:&quot;yes&quot;,&quot;speed&quot;:500}\" data-widget_type=\"image-carousel.default\">\n\t\t\t\t<div class=\"elementor-widget-container\">\n\t\t\t\t\t\t\t<div class=\"elementor-image-carousel-wrapper swiper\" role=\"region\" aria-roledescription=\"carousel\" aria-label=\"Carrousel d\u2019images\" dir=\"ltr\">\n\t\t\t<div class=\"elementor-image-carousel swiper-wrapper\" aria-live=\"off\">\n\t\t\t\t\t\t\t\t<div class=\"swiper-slide\" role=\"group\" aria-roledescription=\"slide\" aria-label=\"1 sur 3\"><figure class=\"swiper-slide-inner\"><img decoding=\"async\" class=\"swiper-slide-image\" src=\"https:\/\/monde-virtuel-beauzelle.fr\/wp-content\/uploads\/2026\/02\/WhatsApp-Image-2026-02-23-at-17.55.19-1-300x225.jpeg\" alt=\"WhatsApp Image 2026-02-23 at 17.55.19 (1)\" \/><\/figure><\/div><div class=\"swiper-slide\" role=\"group\" aria-roledescription=\"slide\" aria-label=\"2 sur 3\"><figure class=\"swiper-slide-inner\"><img decoding=\"async\" class=\"swiper-slide-image\" src=\"https:\/\/monde-virtuel-beauzelle.fr\/wp-content\/uploads\/2026\/02\/WhatsApp-Image-2026-02-23-at-17.57.59-300x135.jpeg\" alt=\"WhatsApp Image 2026-02-23 at 17.57.59\" \/><\/figure><\/div><div class=\"swiper-slide\" role=\"group\" aria-roledescription=\"slide\" aria-label=\"3 sur 3\"><figure class=\"swiper-slide-inner\"><img decoding=\"async\" class=\"swiper-slide-image\" src=\"https:\/\/monde-virtuel-beauzelle.fr\/wp-content\/uploads\/2026\/02\/WhatsApp-Image-2026-02-23-at-17.58.07-300x135.jpeg\" alt=\"WhatsApp Image 2026-02-23 at 17.58.07\" \/><\/figure><\/div>\t\t\t<\/div>\n\t\t\t\t\t\t\t\t\t\t\t\t<div class=\"elementor-swiper-button elementor-swiper-button-prev\" role=\"button\" tabindex=\"0\">\n\t\t\t\t\t\t<svg aria-hidden=\"true\" class=\"e-font-icon-svg e-eicon-chevron-left\" viewBox=\"0 0 1000 1000\" xmlns=\"http:\/\/www.w3.org\/2000\/svg\"><path d=\"M646 125C629 125 613 133 604 142L308 442C296 454 292 471 292 487 292 504 296 521 308 533L604 854C617 867 629 875 646 875 663 875 679 871 692 858 704 846 713 829 713 812 713 796 708 779 692 767L438 487 692 225C700 217 708 204 708 187 708 171 704 154 692 142 675 129 663 125 646 125Z\"><\/path><\/svg>\t\t\t\t\t<\/div>\n\t\t\t\t\t<div class=\"elementor-swiper-button elementor-swiper-button-next\" role=\"button\" tabindex=\"0\">\n\t\t\t\t\t\t<svg aria-hidden=\"true\" class=\"e-font-icon-svg e-eicon-chevron-right\" viewBox=\"0 0 1000 1000\" xmlns=\"http:\/\/www.w3.org\/2000\/svg\"><path d=\"M696 533C708 521 713 504 713 487 713 471 708 454 696 446L400 146C388 133 375 125 354 125 338 125 325 129 313 142 300 154 292 171 292 187 292 204 296 221 308 233L563 492 304 771C292 783 288 800 288 817 288 833 296 850 308 863 321 871 338 875 354 875 371 875 388 867 400 854L696 533Z\"><\/path><\/svg>\t\t\t\t\t<\/div>\n\t\t\t\t\n\t\t\t\t\t\t\t\t\t<div class=\"swiper-pagination\"><\/div>\n\t\t\t\t\t\t\t\t\t<\/div>\n\t\t\t\t\t\t<\/div>\n\t\t\t\t<\/div>\n\t\t\t\t<div class=\"elementor-element elementor-element-e429813 elementor-invisible elementor-widget elementor-widget-heading\" data-id=\"e429813\" data-element_type=\"widget\" data-settings=\"{&quot;_animation&quot;:&quot;zoomInUp&quot;}\" data-widget_type=\"heading.default\">\n\t\t\t\t<div class=\"elementor-widget-container\">\n\t\t\t\t\t<h3 class=\"elementor-heading-title elementor-size-default\">PENSEZ A LA RESERVATION<\/h3>\t\t\t\t<\/div>\n\t\t\t\t<\/div>\n\t\t\t\t<div class=\"elementor-element elementor-element-5f7c346 elementor-widget elementor-widget-text-editor\" data-id=\"5f7c346\" data-element_type=\"widget\" data-widget_type=\"text-editor.default\">\n\t\t\t\t<div class=\"elementor-widget-container\">\n\t\t\t\t\t\t\t\t\t<p>Pour assurer le coup et ne manquer de rien pensez y, il vous suffit de nous contacter<\/p>\t\t\t\t\t\t\t\t<\/div>\n\t\t\t\t<\/div>\n\t\t\t\t<div class=\"elementor-element elementor-element-45191c6 elementor-button-warning elementor-align-center elementor-widget elementor-widget-button\" data-id=\"45191c6\" data-element_type=\"widget\" data-widget_type=\"button.default\">\n\t\t\t\t<div class=\"elementor-widget-container\">\n\t\t\t\t\t\t\t\t\t<div class=\"elementor-button-wrapper\">\n\t\t\t\t\t<a class=\"elementor-button elementor-button-link elementor-size-sm\" href=\"https:\/\/monde-virtuel-beauzelle.fr\/?page_id=442\">\n\t\t\t\t\t\t<span class=\"elementor-button-content-wrapper\">\n\t\t\t\t\t\t\t\t\t<span class=\"elementor-button-text\">RESERVER MON CRENEAU AU COMPLEXE<\/span>\n\t\t\t\t\t<\/span>\n\t\t\t\t\t<\/a>\n\t\t\t\t<\/div>\n\t\t\t\t\t\t\t\t<\/div>\n\t\t\t\t<\/div>\n\t\t<div class=\"elementor-element elementor-element-eea085d e-con-full e-flex e-con e-child\" data-id=\"eea085d\" data-element_type=\"container\" data-settings=\"{&quot;_ha_eqh_enable&quot;:false}\">\n\t\t\t\t<\/div>\n\t\t\t\t\t<\/div>\n\t\t\t\t<\/div>\n\t\t\t\t<\/div>\n\t\t<div class=\"elementor-element elementor-element-fdef049 e-flex e-con-boxed e-con e-parent\" data-id=\"fdef049\" data-element_type=\"container\" data-settings=\"{&quot;_ha_eqh_enable&quot;:false}\">\n\t\t\t\t\t<div class=\"e-con-inner\">\n\t\t\t\t\t<\/div>\n\t\t\t\t<\/div>\n\t\t\t\t<\/div>\n\t\t","protected":false},"excerpt":{"rendered":"<p>Karaok\u00e9 Box TA VOIX, TON SHOW, TON MOMENT DE GLOIRE CHANTEZ, RIEZ, VIBREZ&#8230; BIENVENUE DANS VOTRE SALLE DE CONCERT PRIVEE [&hellip;]<\/p>\n","protected":false},"author":1,"featured_media":0,"parent":0,"menu_order":0,"comment_status":"closed","ping_status":"closed","template":"elementor_theme","meta":{"site-sidebar-layout":"no-sidebar","site-content-layout":"plain-container","ast-site-content-layout":"full-width-container","site-content-style":"default","site-sidebar-style":"default","ast-global-header-display":"","ast-banner-title-visibility":"","ast-main-header-display":"","ast-hfb-above-header-display":"","ast-hfb-below-header-display":"","ast-hfb-mobile-header-display":"","site-post-title":"disabled","ast-breadcrumbs-content":"","ast-featured-img":"disabled","footer-sml-layout":"","theme-transparent-header-meta":"enabled","adv-header-id-meta":"","stick-header-meta":"","header-above-stick-meta":"","header-main-stick-meta":"","header-below-stick-meta":"","astra-migrate-meta-layouts":"default","ast-page-background-enabled":"default","ast-page-background-meta":{"desktop":{"background-color":"var(--ast-global-color-5)","background-image":"","background-repeat":"repeat","background-position":"center center","background-size":"auto","background-attachment":"scroll","background-type":"","background-media":"","overlay-type":"","overlay-color":"","overlay-opacity":"","overlay-gradient":""},"tablet":{"background-color":"","background-image":"","background-repeat":"repeat","background-position":"center center","background-size":"auto","background-attachment":"scroll","background-type":"","background-media":"","overlay-type":"","overlay-color":"","overlay-opacity":"","overlay-gradient":""},"mobile":{"background-color":"","background-image":"","background-repeat":"repeat","background-position":"center center","background-size":"auto","background-attachment":"scroll","background-type":"","background-media":"","overlay-type":"","overlay-color":"","overlay-opacity":"","overlay-gradient":""}},"ast-content-background-meta":{"desktop":{"background-color":"var(--ast-global-color-4)","background-image":"","background-repeat":"repeat","background-position":"center center","background-size":"auto","background-attachment":"scroll","background-type":"","background-media":"","overlay-type":"","overlay-color":"","overlay-opacity":"","overlay-gradient":""},"tablet":{"background-color":"var(--ast-global-color-4)","background-image":"","background-repeat":"repeat","background-position":"center center","background-size":"auto","background-attachment":"scroll","background-type":"","background-media":"","overlay-type":"","overlay-color":"","overlay-opacity":"","overlay-gradient":""},"mobile":{"background-color":"var(--ast-global-color-4)","background-image":"","background-repeat":"repeat","background-position":"center center","background-size":"auto","background-attachment":"scroll","background-type":"","background-media":"","overlay-type":"","overlay-color":"","overlay-opacity":"","overlay-gradient":""}},"footnotes":""},"class_list":["post-368","page","type-page","status-publish","hentry"],"yoast_head":"<!-- This site is optimized with the Yoast SEO plugin v25.3 - https:\/\/yoast.com\/wordpress\/plugins\/seo\/ -->\n<title>Karaoke Box - Monde Virtuel Beauzelle<\/title>\n<meta name=\"robots\" content=\"index, follow, max-snippet:-1, max-image-preview:large, max-video-preview:-1\" \/>\n<link rel=\"canonical\" href=\"https:\/\/monde-virtuel-beauzelle.fr\/?page_id=368\" \/>\n<meta property=\"og:locale\" content=\"fr_FR\" \/>\n<meta property=\"og:type\" content=\"article\" \/>\n<meta property=\"og:title\" content=\"Karaoke Box - Monde Virtuel Beauzelle\" \/>\n<meta property=\"og:description\" content=\"Karaok\u00e9 Box TA VOIX, TON SHOW, TON MOMENT DE GLOIRE CHANTEZ, RIEZ, VIBREZ&#8230; BIENVENUE DANS VOTRE SALLE DE CONCERT PRIVEE [&hellip;]\" \/>\n<meta property=\"og:url\" content=\"https:\/\/monde-virtuel-beauzelle.fr\/?page_id=368\" \/>\n<meta property=\"og:site_name\" content=\"Monde Virtuel Beauzelle\" \/>\n<meta property=\"article:modified_time\" content=\"2026-02-23T19:22:40+00:00\" \/>\n<meta property=\"og:image\" content=\"https:\/\/monde-virtuel-beauzelle.fr\/wp-content\/uploads\/2026\/02\/WhatsApp-Image-2026-02-23-at-17.55.19-2.jpeg\" \/>\n\t<meta property=\"og:image:width\" content=\"2048\" \/>\n\t<meta property=\"og:image:height\" content=\"1536\" \/>\n\t<meta property=\"og:image:type\" content=\"image\/jpeg\" \/>\n<meta name=\"twitter:card\" content=\"summary_large_image\" \/>\n<meta name=\"twitter:label1\" content=\"Dur\u00e9e de lecture estim\u00e9e\" \/>\n\t<meta name=\"twitter:data1\" content=\"3 minutes\" \/>\n<script type=\"application\/ld+json\" class=\"yoast-schema-graph\">{\"@context\":\"https:\/\/schema.org\",\"@graph\":[{\"@type\":\"WebPage\",\"@id\":\"https:\/\/monde-virtuel-beauzelle.fr\/?page_id=368\",\"url\":\"https:\/\/monde-virtuel-beauzelle.fr\/?page_id=368\",\"name\":\"Karaoke Box - Monde Virtuel Beauzelle\",\"isPartOf\":{\"@id\":\"https:\/\/monde-virtuel-beauzelle.fr\/#website\"},\"primaryImageOfPage\":{\"@id\":\"https:\/\/monde-virtuel-beauzelle.fr\/?page_id=368#primaryimage\"},\"image\":{\"@id\":\"https:\/\/monde-virtuel-beauzelle.fr\/?page_id=368#primaryimage\"},\"thumbnailUrl\":\"https:\/\/monde-virtuel-beauzelle.fr\/wp-content\/uploads\/2026\/02\/WhatsApp-Image-2026-02-23-at-17.55.19-2-768x576.jpeg\",\"datePublished\":\"2025-06-05T13:57:30+00:00\",\"dateModified\":\"2026-02-23T19:22:40+00:00\",\"breadcrumb\":{\"@id\":\"https:\/\/monde-virtuel-beauzelle.fr\/?page_id=368#breadcrumb\"},\"inLanguage\":\"fr-FR\",\"potentialAction\":[{\"@type\":\"ReadAction\",\"target\":[\"https:\/\/monde-virtuel-beauzelle.fr\/?page_id=368\"]}]},{\"@type\":\"ImageObject\",\"inLanguage\":\"fr-FR\",\"@id\":\"https:\/\/monde-virtuel-beauzelle.fr\/?page_id=368#primaryimage\",\"url\":\"https:\/\/monde-virtuel-beauzelle.fr\/wp-content\/uploads\/2026\/02\/WhatsApp-Image-2026-02-23-at-17.55.19-2.jpeg\",\"contentUrl\":\"https:\/\/monde-virtuel-beauzelle.fr\/wp-content\/uploads\/2026\/02\/WhatsApp-Image-2026-02-23-at-17.55.19-2.jpeg\",\"width\":2048,\"height\":1536},{\"@type\":\"BreadcrumbList\",\"@id\":\"https:\/\/monde-virtuel-beauzelle.fr\/?page_id=368#breadcrumb\",\"itemListElement\":[{\"@type\":\"ListItem\",\"position\":1,\"name\":\"Accueil\",\"item\":\"https:\/\/monde-virtuel-beauzelle.fr\/\"},{\"@type\":\"ListItem\",\"position\":2,\"name\":\"Karaoke Box\"}]},{\"@type\":\"WebSite\",\"@id\":\"https:\/\/monde-virtuel-beauzelle.fr\/#website\",\"url\":\"https:\/\/monde-virtuel-beauzelle.fr\/\",\"name\":\"Monde Virtuel Beauzelle\",\"description\":\"Votre structure interactif au bord du plaisir\",\"potentialAction\":[{\"@type\":\"SearchAction\",\"target\":{\"@type\":\"EntryPoint\",\"urlTemplate\":\"https:\/\/monde-virtuel-beauzelle.fr\/?s={search_term_string}\"},\"query-input\":{\"@type\":\"PropertyValueSpecification\",\"valueRequired\":true,\"valueName\":\"search_term_string\"}}],\"inLanguage\":\"fr-FR\"}]}<\/script>\n<!-- \/ Yoast SEO plugin. -->","yoast_head_json":{"title":"Karaoke Box - Monde Virtuel Beauzelle","robots":{"index":"index","follow":"follow","max-snippet":"max-snippet:-1","max-image-preview":"max-image-preview:large","max-video-preview":"max-video-preview:-1"},"canonical":"https:\/\/monde-virtuel-beauzelle.fr\/?page_id=368","og_locale":"fr_FR","og_type":"article","og_title":"Karaoke Box - Monde Virtuel Beauzelle","og_description":"Karaok\u00e9 Box TA VOIX, TON SHOW, TON MOMENT DE GLOIRE CHANTEZ, RIEZ, VIBREZ&#8230; BIENVENUE DANS VOTRE SALLE DE CONCERT PRIVEE [&hellip;]","og_url":"https:\/\/monde-virtuel-beauzelle.fr\/?page_id=368","og_site_name":"Monde Virtuel Beauzelle","article_modified_time":"2026-02-23T19:22:40+00:00","og_image":[{"width":2048,"height":1536,"url":"https:\/\/monde-virtuel-beauzelle.fr\/wp-content\/uploads\/2026\/02\/WhatsApp-Image-2026-02-23-at-17.55.19-2.jpeg","type":"image\/jpeg"}],"twitter_card":"summary_large_image","twitter_misc":{"Dur\u00e9e de lecture estim\u00e9e":"3 minutes"},"schema":{"@context":"https:\/\/schema.org","@graph":[{"@type":"WebPage","@id":"https:\/\/monde-virtuel-beauzelle.fr\/?page_id=368","url":"https:\/\/monde-virtuel-beauzelle.fr\/?page_id=368","name":"Karaoke Box - Monde Virtuel Beauzelle","isPartOf":{"@id":"https:\/\/monde-virtuel-beauzelle.fr\/#website"},"primaryImageOfPage":{"@id":"https:\/\/monde-virtuel-beauzelle.fr\/?page_id=368#primaryimage"},"image":{"@id":"https:\/\/monde-virtuel-beauzelle.fr\/?page_id=368#primaryimage"},"thumbnailUrl":"https:\/\/monde-virtuel-beauzelle.fr\/wp-content\/uploads\/2026\/02\/WhatsApp-Image-2026-02-23-at-17.55.19-2-768x576.jpeg","datePublished":"2025-06-05T13:57:30+00:00","dateModified":"2026-02-23T19:22:40+00:00","breadcrumb":{"@id":"https:\/\/monde-virtuel-beauzelle.fr\/?page_id=368#breadcrumb"},"inLanguage":"fr-FR","potentialAction":[{"@type":"ReadAction","target":["https:\/\/monde-virtuel-beauzelle.fr\/?page_id=368"]}]},{"@type":"ImageObject","inLanguage":"fr-FR","@id":"https:\/\/monde-virtuel-beauzelle.fr\/?page_id=368#primaryimage","url":"https:\/\/monde-virtuel-beauzelle.fr\/wp-content\/uploads\/2026\/02\/WhatsApp-Image-2026-02-23-at-17.55.19-2.jpeg","contentUrl":"https:\/\/monde-virtuel-beauzelle.fr\/wp-content\/uploads\/2026\/02\/WhatsApp-Image-2026-02-23-at-17.55.19-2.jpeg","width":2048,"height":1536},{"@type":"BreadcrumbList","@id":"https:\/\/monde-virtuel-beauzelle.fr\/?page_id=368#breadcrumb","itemListElement":[{"@type":"ListItem","position":1,"name":"Accueil","item":"https:\/\/monde-virtuel-beauzelle.fr\/"},{"@type":"ListItem","position":2,"name":"Karaoke Box"}]},{"@type":"WebSite","@id":"https:\/\/monde-virtuel-beauzelle.fr\/#website","url":"https:\/\/monde-virtuel-beauzelle.fr\/","name":"Monde Virtuel Beauzelle","description":"Votre structure interactif au bord du plaisir","potentialAction":[{"@type":"SearchAction","target":{"@type":"EntryPoint","urlTemplate":"https:\/\/monde-virtuel-beauzelle.fr\/?s={search_term_string}"},"query-input":{"@type":"PropertyValueSpecification","valueRequired":true,"valueName":"search_term_string"}}],"inLanguage":"fr-FR"}]}},"_links":{"self":[{"href":"https:\/\/monde-virtuel-beauzelle.fr\/index.php?rest_route=\/wp\/v2\/pages\/368","targetHints":{"allow":["GET"]}}],"collection":[{"href":"https:\/\/monde-virtuel-beauzelle.fr\/index.php?rest_route=\/wp\/v2\/pages"}],"about":[{"href":"https:\/\/monde-virtuel-beauzelle.fr\/index.php?rest_route=\/wp\/v2\/types\/page"}],"author":[{"embeddable":true,"href":"https:\/\/monde-virtuel-beauzelle.fr\/index.php?rest_route=\/wp\/v2\/users\/1"}],"replies":[{"embeddable":true,"href":"https:\/\/monde-virtuel-beauzelle.fr\/index.php?rest_route=%2Fwp%2Fv2%2Fcomments&post=368"}],"version-history":[{"count":23,"href":"https:\/\/monde-virtuel-beauzelle.fr\/index.php?rest_route=\/wp\/v2\/pages\/368\/revisions"}],"predecessor-version":[{"id":671,"href":"https:\/\/monde-virtuel-beauzelle.fr\/index.php?rest_route=\/wp\/v2\/pages\/368\/revisions\/671"}],"wp:attachment":[{"href":"https:\/\/monde-virtuel-beauzelle.fr\/index.php?rest_route=%2Fwp%2Fv2%2Fmedia&parent=368"}],"curies":[{"name":"wp","href":"https:\/\/api.w.org\/{rel}","templated":true}]}}