{"id":382,"date":"2025-06-06T08:22:53","date_gmt":"2025-06-06T06:22:53","guid":{"rendered":"https:\/\/monde-virtuel-beauzelle.fr\/?page_id=382"},"modified":"2026-02-23T19:52:31","modified_gmt":"2026-02-23T18:52:31","slug":"mur-interactif","status":"publish","type":"page","link":"https:\/\/monde-virtuel-beauzelle.fr\/?page_id=382","title":{"rendered":"Lancer De Haches"},"content":{"rendered":"\t\t<div data-elementor-type=\"wp-page\" data-elementor-id=\"382\" class=\"elementor elementor-382\" data-elementor-settings=\"{&quot;ha_cmc_init_switcher&quot;:&quot;no&quot;}\">\n\t\t\t\t<div class=\"elementor-element elementor-element-4667946 e-con-full e-flex e-con e-parent\" data-id=\"4667946\" data-element_type=\"container\" data-settings=\"{&quot;background_background&quot;:&quot;video&quot;,&quot;background_video_link&quot;:&quot;https:\\\/\\\/monde-virtuel-beauzelle.fr\\\/wp-content\\\/uploads\\\/2025\\\/11\\\/HACHESMV.mp4&quot;,&quot;background_play_on_mobile&quot;:&quot;yes&quot;,&quot;background_video_start&quot;:0,&quot;background_video_end&quot;:58,&quot;_ha_eqh_enable&quot;:false}\">\n\t\t<div class=\"elementor-background-video-container\">\n\t\t\t\t\t\t\t<video class=\"elementor-background-video-hosted\" autoplay muted playsinline loop><\/video>\n\t\t\t\t\t<\/div><div class=\"elementor-element elementor-element-301098b e-con-full e-flex elementor-invisible e-con e-child\" data-id=\"301098b\" data-element_type=\"container\" data-settings=\"{&quot;animation&quot;:&quot;rollIn&quot;,&quot;_ha_eqh_enable&quot;:false}\">\n\t\t\t\t<div class=\"elementor-element elementor-element-286aff9 elementor-widget elementor-widget-heading\" data-id=\"286aff9\" data-element_type=\"widget\" data-widget_type=\"heading.default\">\n\t\t\t\t<div class=\"elementor-widget-container\">\n\t\t\t\t\t<h2 class=\"elementor-heading-title elementor-size-default\">LANCER DE HACHES<\/h2>\t\t\t\t<\/div>\n\t\t\t\t<\/div>\n\t\t\t\t<div class=\"elementor-element elementor-element-4af8c88 elementor-widget elementor-widget-heading\" data-id=\"4af8c88\" data-element_type=\"widget\" data-widget_type=\"heading.default\">\n\t\t\t\t<div class=\"elementor-widget-container\">\n\t\t\t\t\t<h3 class=\"elementor-heading-title elementor-size-default\">VENEZ TESTER VOTRE AGILITE SUR NOS PISTES DE LANCER DE HACHES.<\/h3>\t\t\t\t<\/div>\n\t\t\t\t<\/div>\n\t\t\t\t<\/div>\n\t\t\t\t<\/div>\n\t\t<div class=\"elementor-element elementor-element-d1cffc6 e-con-full e-flex e-con e-parent\" data-id=\"d1cffc6\" data-element_type=\"container\" data-settings=\"{&quot;background_background&quot;:&quot;gradient&quot;,&quot;_ha_eqh_enable&quot;:false}\">\n\t\t<div class=\"elementor-element elementor-element-23d9685 e-con-full e-flex e-con e-child\" data-id=\"23d9685\" data-element_type=\"container\" data-settings=\"{&quot;_ha_eqh_enable&quot;:false}\">\n\t\t\t\t<div class=\"elementor-element elementor-element-a0b7236 elementor-widget elementor-widget-image\" data-id=\"a0b7236\" data-element_type=\"widget\" data-widget_type=\"image.default\">\n\t\t\t\t<div class=\"elementor-widget-container\">\n\t\t\t\t\t\t\t\t\t\t\t\t\t\t\t\t<a href=\"https:\/\/monde-virtuel-beauzelle.fr\/wp-content\/uploads\/2025\/11\/haches-768x1024-1.jpg\">\n\t\t\t\t\t\t\t<img decoding=\"async\" src=\"https:\/\/monde-virtuel-beauzelle.fr\/wp-content\/uploads\/elementor\/thumbs\/WhatsApp-Image-2026-02-23-at-17.55.19-rjl9lcjm1frnu840mzpqlgjodl5e9qm3xe3g7w9yps.jpeg\" title=\"WhatsApp Image 2026-02-23 at 17.55.19\" alt=\"WhatsApp Image 2026-02-23 at 17.55.19\" loading=\"lazy\" \/>\t\t\t\t\t\t\t\t<\/a>\n\t\t\t\t\t\t\t\t\t\t\t\t\t\t\t<\/div>\n\t\t\t\t<\/div>\n\t\t\t\t<\/div>\n\t\t<div class=\"elementor-element elementor-element-a8fcb28 e-con-full e-flex elementor-invisible e-con e-child\" data-id=\"a8fcb28\" data-element_type=\"container\" data-settings=\"{&quot;animation&quot;:&quot;slideInUp&quot;,&quot;_ha_eqh_enable&quot;:false}\">\n\t\t\t\t<div class=\"elementor-element elementor-element-2232a68 elementor-invisible elementor-widget elementor-widget-heading\" data-id=\"2232a68\" data-element_type=\"widget\" data-settings=\"{&quot;_animation&quot;:&quot;fadeInRight&quot;}\" data-widget_type=\"heading.default\">\n\t\t\t\t<div class=\"elementor-widget-container\">\n\t\t\t\t\t<h3 class=\"elementor-heading-title elementor-size-default\">REVELER VOTRE AME DE VIKING<\/h3>\t\t\t\t<\/div>\n\t\t\t\t<\/div>\n\t\t\t\t<div class=\"elementor-element elementor-element-c99d402 elementor-invisible elementor-widget elementor-widget-text-editor\" data-id=\"c99d402\" data-element_type=\"widget\" data-settings=\"{&quot;_animation&quot;:&quot;fadeInRight&quot;}\" data-widget_type=\"text-editor.default\">\n\t\t\t\t<div class=\"elementor-widget-container\">\n\t\t\t\t\t\t\t\t\t<p data-pm-slice=\"1 1 []\">Partagez une activit\u00e9 insolite en couple, entre amis, en famille ou en team building<\/p><p data-pm-slice=\"1 1 []\">Testez votre agilit\u00e9 avec Le <strong>LANCER DE HACHES <\/strong>, les conseils de nos animateurs feront de vous une star du lancer de hache<\/p>\t\t\t\t\t\t\t\t<\/div>\n\t\t\t\t<\/div>\n\t\t\t\t<\/div>\n\t\t\t\t<\/div>\n\t\t<div class=\"elementor-element elementor-element-d364592 e-con-full e-flex e-con e-parent\" data-id=\"d364592\" data-element_type=\"container\" data-settings=\"{&quot;background_background&quot;:&quot;classic&quot;,&quot;_ha_eqh_enable&quot;:false}\">\n\t\t<div class=\"elementor-element elementor-element-a8f05ef e-flex e-con-boxed e-con e-child\" data-id=\"a8f05ef\" data-element_type=\"container\" data-settings=\"{&quot;_ha_eqh_enable&quot;:false}\">\n\t\t\t\t\t<div class=\"e-con-inner\">\n\t\t\t\t<div class=\"elementor-element elementor-element-abef15b elementor-widget elementor-widget-spacer\" data-id=\"abef15b\" data-element_type=\"widget\" data-widget_type=\"spacer.default\">\n\t\t\t\t<div class=\"elementor-widget-container\">\n\t\t\t\t\t\t\t<div class=\"elementor-spacer\">\n\t\t\t<div class=\"elementor-spacer-inner\"><\/div>\n\t\t<\/div>\n\t\t\t\t\t\t<\/div>\n\t\t\t\t<\/div>\n\t\t\t\t<div class=\"elementor-element elementor-element-49ff8ec elementor-widget elementor-widget-spacer\" data-id=\"49ff8ec\" data-element_type=\"widget\" data-widget_type=\"spacer.default\">\n\t\t\t\t<div class=\"elementor-widget-container\">\n\t\t\t\t\t\t\t<div class=\"elementor-spacer\">\n\t\t\t<div class=\"elementor-spacer-inner\"><\/div>\n\t\t<\/div>\n\t\t\t\t\t\t<\/div>\n\t\t\t\t<\/div>\n\t\t\t\t<div class=\"elementor-element elementor-element-108ece8 elementor-invisible elementor-widget elementor-widget-heading\" data-id=\"108ece8\" data-element_type=\"widget\" data-settings=\"{&quot;_animation&quot;:&quot;fadeInLeft&quot;}\" data-widget_type=\"heading.default\">\n\t\t\t\t<div class=\"elementor-widget-container\">\n\t\t\t\t\t<h4 class=\"elementor-heading-title elementor-size-default\">REDUCTION DU STRESS, CONCENTRATION, ACTIVITE PHYSIQUE, ENVIRONNEMENT ENCADRE ET SECURISE.<\/h4>\t\t\t\t<\/div>\n\t\t\t\t<\/div>\n\t\t\t\t<div class=\"elementor-element elementor-element-e27daa2 elementor-invisible elementor-widget elementor-widget-text-editor\" data-id=\"e27daa2\" data-element_type=\"widget\" data-settings=\"{&quot;_animation&quot;:&quot;fadeInLeft&quot;}\" data-widget_type=\"text-editor.default\">\n\t\t\t\t<div class=\"elementor-widget-container\">\n\t\t\t\t\t\t\t\t\t<p>\u00a0<\/p><p>Le <strong>LANCER DE HACHES<\/strong> en salle est une activit\u00e9 amusante et s\u00e9curis\u00e9e qui aide \u00e0 r\u00e9duire le stress, am\u00e9liorer la concentration, bouger physiquement, renforcer la confiance en soi et cr\u00e9er de bons moments entre amis ou coll\u00e8gues.<\/p>\t\t\t\t\t\t\t\t<\/div>\n\t\t\t\t<\/div>\n\t\t\t\t\t<\/div>\n\t\t\t\t<\/div>\n\t\t<div class=\"elementor-element elementor-element-a249c86 e-flex e-con-boxed e-con e-child\" data-id=\"a249c86\" data-element_type=\"container\" data-settings=\"{&quot;_ha_eqh_enable&quot;:false}\">\n\t\t\t\t\t<div class=\"e-con-inner\">\n\t\t\t\t<div class=\"elementor-element elementor-element-188f9d0 elementor-widget elementor-widget-image\" data-id=\"188f9d0\" data-element_type=\"widget\" data-settings=\"{&quot;_animation&quot;:&quot;none&quot;}\" data-widget_type=\"image.default\">\n\t\t\t\t<div class=\"elementor-widget-container\">\n\t\t\t\t\t\t\t\t\t\t\t\t\t\t\t\t<a href=\"https:\/\/monde-virtuel-beauzelle.fr\/wp-content\/uploads\/2025\/11\/haches2-768x1024-1.jpg\">\n\t\t\t\t\t\t\t<img decoding=\"async\" src=\"https:\/\/monde-virtuel-beauzelle.fr\/wp-content\/uploads\/elementor\/thumbs\/WhatsApp-Image-2026-02-23-at-17.55.19-rjl9lcjm1frnu840mzpqlgjodl5e9qm3xe3g7w9yps.jpeg\" title=\"WhatsApp Image 2026-02-23 at 17.55.19\" alt=\"WhatsApp Image 2026-02-23 at 17.55.19\" loading=\"lazy\" \/>\t\t\t\t\t\t\t\t<\/a>\n\t\t\t\t\t\t\t\t\t\t\t\t\t\t\t<\/div>\n\t\t\t\t<\/div>\n\t\t\t\t\t<\/div>\n\t\t\t\t<\/div>\n\t\t\t\t<\/div>\n\t\t\t\t<\/div>\n\t\t","protected":false},"excerpt":{"rendered":"<p>LANCER DE HACHES VENEZ TESTER VOTRE AGILITE SUR NOS PISTES DE LANCER DE HACHES. REVELER VOTRE AME DE VIKING Partagez [&hellip;]<\/p>\n","protected":false},"author":1,"featured_media":0,"parent":0,"menu_order":0,"comment_status":"closed","ping_status":"closed","template":"elementor_theme","meta":{"site-sidebar-layout":"no-sidebar","site-content-layout":"plain-container","ast-site-content-layout":"full-width-container","site-content-style":"default","site-sidebar-style":"default","ast-global-header-display":"","ast-banner-title-visibility":"","ast-main-header-display":"","ast-hfb-above-header-display":"","ast-hfb-below-header-display":"","ast-hfb-mobile-header-display":"","site-post-title":"disabled","ast-breadcrumbs-content":"","ast-featured-img":"disabled","footer-sml-layout":"","theme-transparent-header-meta":"enabled","adv-header-id-meta":"","stick-header-meta":"","header-above-stick-meta":"","header-main-stick-meta":"","header-below-stick-meta":"","astra-migrate-meta-layouts":"default","ast-page-background-enabled":"default","ast-page-background-meta":{"desktop":{"background-color":"var(--ast-global-color-5)","background-image":"","background-repeat":"repeat","background-position":"center center","background-size":"auto","background-attachment":"scroll","background-type":"","background-media":"","overlay-type":"","overlay-color":"","overlay-opacity":"","overlay-gradient":""},"tablet":{"background-color":"","background-image":"","background-repeat":"repeat","background-position":"center center","background-size":"auto","background-attachment":"scroll","background-type":"","background-media":"","overlay-type":"","overlay-color":"","overlay-opacity":"","overlay-gradient":""},"mobile":{"background-color":"","background-image":"","background-repeat":"repeat","background-position":"center center","background-size":"auto","background-attachment":"scroll","background-type":"","background-media":"","overlay-type":"","overlay-color":"","overlay-opacity":"","overlay-gradient":""}},"ast-content-background-meta":{"desktop":{"background-color":"var(--ast-global-color-4)","background-image":"","background-repeat":"repeat","background-position":"center center","background-size":"auto","background-attachment":"scroll","background-type":"","background-media":"","overlay-type":"","overlay-color":"","overlay-opacity":"","overlay-gradient":""},"tablet":{"background-color":"var(--ast-global-color-4)","background-image":"","background-repeat":"repeat","background-position":"center center","background-size":"auto","background-attachment":"scroll","background-type":"","background-media":"","overlay-type":"","overlay-color":"","overlay-opacity":"","overlay-gradient":""},"mobile":{"background-color":"var(--ast-global-color-4)","background-image":"","background-repeat":"repeat","background-position":"center center","background-size":"auto","background-attachment":"scroll","background-type":"","background-media":"","overlay-type":"","overlay-color":"","overlay-opacity":"","overlay-gradient":""}},"footnotes":""},"class_list":["post-382","page","type-page","status-publish","hentry"],"yoast_head":"<!-- This site is optimized with the Yoast SEO plugin v25.3 - https:\/\/yoast.com\/wordpress\/plugins\/seo\/ -->\n<title>Lancer De Haches - Monde Virtuel Beauzelle<\/title>\n<meta name=\"robots\" content=\"index, follow, max-snippet:-1, max-image-preview:large, max-video-preview:-1\" \/>\n<link rel=\"canonical\" href=\"https:\/\/monde-virtuel-beauzelle.fr\/?page_id=382\" \/>\n<meta property=\"og:locale\" content=\"fr_FR\" \/>\n<meta property=\"og:type\" content=\"article\" \/>\n<meta property=\"og:title\" content=\"Lancer De Haches - Monde Virtuel Beauzelle\" \/>\n<meta property=\"og:description\" content=\"LANCER DE HACHES VENEZ TESTER VOTRE AGILITE SUR NOS PISTES DE LANCER DE HACHES. REVELER VOTRE AME DE VIKING Partagez [&hellip;]\" \/>\n<meta property=\"og:url\" content=\"https:\/\/monde-virtuel-beauzelle.fr\/?page_id=382\" \/>\n<meta property=\"og:site_name\" content=\"Monde Virtuel Beauzelle\" \/>\n<meta property=\"article:modified_time\" content=\"2026-02-23T18:52:31+00:00\" \/>\n<meta property=\"og:image\" content=\"https:\/\/monde-virtuel-beauzelle.fr\/wp-content\/uploads\/elementor\/thumbs\/WhatsApp-Image-2026-02-23-at-17.55.19-rjl9lcjm1frnu840mzpqlgjodl5e9qm3xe3g7w9yps.jpeg\" \/>\n<meta name=\"twitter:card\" content=\"summary_large_image\" \/>\n<meta name=\"twitter:label1\" content=\"Dur\u00e9e de lecture estim\u00e9e\" \/>\n\t<meta name=\"twitter:data1\" content=\"1 minute\" \/>\n<script type=\"application\/ld+json\" class=\"yoast-schema-graph\">{\"@context\":\"https:\/\/schema.org\",\"@graph\":[{\"@type\":\"WebPage\",\"@id\":\"https:\/\/monde-virtuel-beauzelle.fr\/?page_id=382\",\"url\":\"https:\/\/monde-virtuel-beauzelle.fr\/?page_id=382\",\"name\":\"Lancer De Haches - Monde Virtuel Beauzelle\",\"isPartOf\":{\"@id\":\"https:\/\/monde-virtuel-beauzelle.fr\/#website\"},\"primaryImageOfPage\":{\"@id\":\"https:\/\/monde-virtuel-beauzelle.fr\/?page_id=382#primaryimage\"},\"image\":{\"@id\":\"https:\/\/monde-virtuel-beauzelle.fr\/?page_id=382#primaryimage\"},\"thumbnailUrl\":\"https:\/\/monde-virtuel-beauzelle.fr\/wp-content\/uploads\/elementor\/thumbs\/WhatsApp-Image-2026-02-23-at-17.55.19-rjl9lcjm1frnu840mzpqlgjodl5e9qm3xe3g7w9yps.jpeg\",\"datePublished\":\"2025-06-06T06:22:53+00:00\",\"dateModified\":\"2026-02-23T18:52:31+00:00\",\"breadcrumb\":{\"@id\":\"https:\/\/monde-virtuel-beauzelle.fr\/?page_id=382#breadcrumb\"},\"inLanguage\":\"fr-FR\",\"potentialAction\":[{\"@type\":\"ReadAction\",\"target\":[\"https:\/\/monde-virtuel-beauzelle.fr\/?page_id=382\"]}]},{\"@type\":\"ImageObject\",\"inLanguage\":\"fr-FR\",\"@id\":\"https:\/\/monde-virtuel-beauzelle.fr\/?page_id=382#primaryimage\",\"url\":\"https:\/\/monde-virtuel-beauzelle.fr\/wp-content\/uploads\/elementor\/thumbs\/WhatsApp-Image-2026-02-23-at-17.55.19-rjl9lcjm1frnu840mzpqlgjodl5e9qm3xe3g7w9yps.jpeg\",\"contentUrl\":\"https:\/\/monde-virtuel-beauzelle.fr\/wp-content\/uploads\/elementor\/thumbs\/WhatsApp-Image-2026-02-23-at-17.55.19-rjl9lcjm1frnu840mzpqlgjodl5e9qm3xe3g7w9yps.jpeg\"},{\"@type\":\"BreadcrumbList\",\"@id\":\"https:\/\/monde-virtuel-beauzelle.fr\/?page_id=382#breadcrumb\",\"itemListElement\":[{\"@type\":\"ListItem\",\"position\":1,\"name\":\"Accueil\",\"item\":\"https:\/\/monde-virtuel-beauzelle.fr\/\"},{\"@type\":\"ListItem\",\"position\":2,\"name\":\"Lancer De Haches\"}]},{\"@type\":\"WebSite\",\"@id\":\"https:\/\/monde-virtuel-beauzelle.fr\/#website\",\"url\":\"https:\/\/monde-virtuel-beauzelle.fr\/\",\"name\":\"Monde Virtuel Beauzelle\",\"description\":\"Votre structure interactif au bord du plaisir\",\"potentialAction\":[{\"@type\":\"SearchAction\",\"target\":{\"@type\":\"EntryPoint\",\"urlTemplate\":\"https:\/\/monde-virtuel-beauzelle.fr\/?s={search_term_string}\"},\"query-input\":{\"@type\":\"PropertyValueSpecification\",\"valueRequired\":true,\"valueName\":\"search_term_string\"}}],\"inLanguage\":\"fr-FR\"}]}<\/script>\n<!-- \/ Yoast SEO plugin. -->","yoast_head_json":{"title":"Lancer De Haches - Monde Virtuel Beauzelle","robots":{"index":"index","follow":"follow","max-snippet":"max-snippet:-1","max-image-preview":"max-image-preview:large","max-video-preview":"max-video-preview:-1"},"canonical":"https:\/\/monde-virtuel-beauzelle.fr\/?page_id=382","og_locale":"fr_FR","og_type":"article","og_title":"Lancer De Haches - Monde Virtuel Beauzelle","og_description":"LANCER DE HACHES VENEZ TESTER VOTRE AGILITE SUR NOS PISTES DE LANCER DE HACHES. REVELER VOTRE AME DE VIKING Partagez [&hellip;]","og_url":"https:\/\/monde-virtuel-beauzelle.fr\/?page_id=382","og_site_name":"Monde Virtuel Beauzelle","article_modified_time":"2026-02-23T18:52:31+00:00","og_image":[{"url":"https:\/\/monde-virtuel-beauzelle.fr\/wp-content\/uploads\/elementor\/thumbs\/WhatsApp-Image-2026-02-23-at-17.55.19-rjl9lcjm1frnu840mzpqlgjodl5e9qm3xe3g7w9yps.jpeg","type":"","width":"","height":""}],"twitter_card":"summary_large_image","twitter_misc":{"Dur\u00e9e de lecture estim\u00e9e":"1 minute"},"schema":{"@context":"https:\/\/schema.org","@graph":[{"@type":"WebPage","@id":"https:\/\/monde-virtuel-beauzelle.fr\/?page_id=382","url":"https:\/\/monde-virtuel-beauzelle.fr\/?page_id=382","name":"Lancer De Haches - Monde Virtuel Beauzelle","isPartOf":{"@id":"https:\/\/monde-virtuel-beauzelle.fr\/#website"},"primaryImageOfPage":{"@id":"https:\/\/monde-virtuel-beauzelle.fr\/?page_id=382#primaryimage"},"image":{"@id":"https:\/\/monde-virtuel-beauzelle.fr\/?page_id=382#primaryimage"},"thumbnailUrl":"https:\/\/monde-virtuel-beauzelle.fr\/wp-content\/uploads\/elementor\/thumbs\/WhatsApp-Image-2026-02-23-at-17.55.19-rjl9lcjm1frnu840mzpqlgjodl5e9qm3xe3g7w9yps.jpeg","datePublished":"2025-06-06T06:22:53+00:00","dateModified":"2026-02-23T18:52:31+00:00","breadcrumb":{"@id":"https:\/\/monde-virtuel-beauzelle.fr\/?page_id=382#breadcrumb"},"inLanguage":"fr-FR","potentialAction":[{"@type":"ReadAction","target":["https:\/\/monde-virtuel-beauzelle.fr\/?page_id=382"]}]},{"@type":"ImageObject","inLanguage":"fr-FR","@id":"https:\/\/monde-virtuel-beauzelle.fr\/?page_id=382#primaryimage","url":"https:\/\/monde-virtuel-beauzelle.fr\/wp-content\/uploads\/elementor\/thumbs\/WhatsApp-Image-2026-02-23-at-17.55.19-rjl9lcjm1frnu840mzpqlgjodl5e9qm3xe3g7w9yps.jpeg","contentUrl":"https:\/\/monde-virtuel-beauzelle.fr\/wp-content\/uploads\/elementor\/thumbs\/WhatsApp-Image-2026-02-23-at-17.55.19-rjl9lcjm1frnu840mzpqlgjodl5e9qm3xe3g7w9yps.jpeg"},{"@type":"BreadcrumbList","@id":"https:\/\/monde-virtuel-beauzelle.fr\/?page_id=382#breadcrumb","itemListElement":[{"@type":"ListItem","position":1,"name":"Accueil","item":"https:\/\/monde-virtuel-beauzelle.fr\/"},{"@type":"ListItem","position":2,"name":"Lancer De Haches"}]},{"@type":"WebSite","@id":"https:\/\/monde-virtuel-beauzelle.fr\/#website","url":"https:\/\/monde-virtuel-beauzelle.fr\/","name":"Monde Virtuel Beauzelle","description":"Votre structure interactif au bord du plaisir","potentialAction":[{"@type":"SearchAction","target":{"@type":"EntryPoint","urlTemplate":"https:\/\/monde-virtuel-beauzelle.fr\/?s={search_term_string}"},"query-input":{"@type":"PropertyValueSpecification","valueRequired":true,"valueName":"search_term_string"}}],"inLanguage":"fr-FR"}]}},"_links":{"self":[{"href":"https:\/\/monde-virtuel-beauzelle.fr\/index.php?rest_route=\/wp\/v2\/pages\/382","targetHints":{"allow":["GET"]}}],"collection":[{"href":"https:\/\/monde-virtuel-beauzelle.fr\/index.php?rest_route=\/wp\/v2\/pages"}],"about":[{"href":"https:\/\/monde-virtuel-beauzelle.fr\/index.php?rest_route=\/wp\/v2\/types\/page"}],"author":[{"embeddable":true,"href":"https:\/\/monde-virtuel-beauzelle.fr\/index.php?rest_route=\/wp\/v2\/users\/1"}],"replies":[{"embeddable":true,"href":"https:\/\/monde-virtuel-beauzelle.fr\/index.php?rest_route=%2Fwp%2Fv2%2Fcomments&post=382"}],"version-history":[{"count":28,"href":"https:\/\/monde-virtuel-beauzelle.fr\/index.php?rest_route=\/wp\/v2\/pages\/382\/revisions"}],"predecessor-version":[{"id":656,"href":"https:\/\/monde-virtuel-beauzelle.fr\/index.php?rest_route=\/wp\/v2\/pages\/382\/revisions\/656"}],"wp:attachment":[{"href":"https:\/\/monde-virtuel-beauzelle.fr\/index.php?rest_route=%2Fwp%2Fv2%2Fmedia&parent=382"}],"curies":[{"name":"wp","href":"https:\/\/api.w.org\/{rel}","templated":true}]}}