{"id":406,"date":"2025-06-08T10:44:21","date_gmt":"2025-06-08T08:44:21","guid":{"rendered":"https:\/\/monde-virtuel-beauzelle.fr\/?page_id=406"},"modified":"2026-02-05T15:49:20","modified_gmt":"2026-02-05T14:49:20","slug":"anniversaires","status":"publish","type":"page","link":"https:\/\/monde-virtuel-beauzelle.fr\/?page_id=406","title":{"rendered":"Anniversaires"},"content":{"rendered":"\t\t<div data-elementor-type=\"wp-page\" data-elementor-id=\"406\" class=\"elementor elementor-406\" data-elementor-settings=\"{&quot;ha_cmc_init_switcher&quot;:&quot;no&quot;}\">\n\t\t\t\t<div class=\"elementor-element elementor-element-4667946 e-con-full e-flex e-con e-parent\" data-id=\"4667946\" data-element_type=\"container\" data-settings=\"{&quot;background_background&quot;:&quot;video&quot;,&quot;background_video_link&quot;:&quot;https:\\\/\\\/monde-virtuel-beauzelle.fr\\\/wp-content\\\/uploads\\\/2025\\\/06\\\/83775-586089953_medium.mp4&quot;,&quot;background_play_on_mobile&quot;:&quot;yes&quot;,&quot;background_video_start&quot;:22,&quot;background_video_end&quot;:58,&quot;_ha_eqh_enable&quot;:false}\">\n\t\t<div class=\"elementor-background-video-container\">\n\t\t\t\t\t\t\t<video class=\"elementor-background-video-hosted\" autoplay muted playsinline loop><\/video>\n\t\t\t\t\t<\/div><div class=\"elementor-element elementor-element-301098b e-con-full e-flex elementor-invisible e-con e-child\" data-id=\"301098b\" data-element_type=\"container\" data-settings=\"{&quot;animation&quot;:&quot;rollIn&quot;,&quot;_ha_eqh_enable&quot;:false}\">\n\t\t\t\t<div class=\"elementor-element elementor-element-286aff9 elementor-widget elementor-widget-heading\" data-id=\"286aff9\" data-element_type=\"widget\" data-widget_type=\"heading.default\">\n\t\t\t\t<div class=\"elementor-widget-container\">\n\t\t\t\t\t<h2 class=\"elementor-heading-title elementor-size-default\">ANNIVERSAIRE<\/h2>\t\t\t\t<\/div>\n\t\t\t\t<\/div>\n\t\t\t\t<div class=\"elementor-element elementor-element-4af8c88 elementor-widget elementor-widget-heading\" data-id=\"4af8c88\" data-element_type=\"widget\" data-widget_type=\"heading.default\">\n\t\t\t\t<div class=\"elementor-widget-container\">\n\t\t\t\t\t<h3 class=\"elementor-heading-title elementor-size-default\">UN ANNIVERSAIRE PAS COMME LES AUTRES... MAIS CARREMENT MIEUX !<\/h3>\t\t\t\t<\/div>\n\t\t\t\t<\/div>\n\t\t\t\t<\/div>\n\t\t\t\t<\/div>\n\t\t<div class=\"elementor-element elementor-element-d364592 e-con-full e-flex e-con e-parent\" data-id=\"d364592\" data-element_type=\"container\" data-settings=\"{&quot;background_background&quot;:&quot;classic&quot;,&quot;_ha_eqh_enable&quot;:false}\">\n\t\t<div class=\"elementor-element elementor-element-a8f05ef e-flex e-con-boxed e-con e-child\" data-id=\"a8f05ef\" data-element_type=\"container\" data-settings=\"{&quot;_ha_eqh_enable&quot;:false}\">\n\t\t\t\t\t<div class=\"e-con-inner\">\n\t\t\t\t<div class=\"elementor-element elementor-element-108ece8 elementor-invisible elementor-widget elementor-widget-heading\" data-id=\"108ece8\" data-element_type=\"widget\" data-settings=\"{&quot;_animation&quot;:&quot;fadeIn&quot;}\" data-widget_type=\"heading.default\">\n\t\t\t\t<div class=\"elementor-widget-container\">\n\t\t\t\t\t<h3 class=\"elementor-heading-title elementor-size-default\">TON ANNIVERSAIRE DEVIENT UNE AVENTURE SPECTACULAIRE<\/h3>\t\t\t\t<\/div>\n\t\t\t\t<\/div>\n\t\t\t\t<div class=\"elementor-element elementor-element-abef15b elementor-widget elementor-widget-spacer\" data-id=\"abef15b\" data-element_type=\"widget\" data-widget_type=\"spacer.default\">\n\t\t\t\t<div class=\"elementor-widget-container\">\n\t\t\t\t\t\t\t<div class=\"elementor-spacer\">\n\t\t\t<div class=\"elementor-spacer-inner\"><\/div>\n\t\t<\/div>\n\t\t\t\t\t\t<\/div>\n\t\t\t\t<\/div>\n\t\t\t\t<div class=\"elementor-element elementor-element-e27daa2 elementor-invisible elementor-widget elementor-widget-text-editor\" data-id=\"e27daa2\" data-element_type=\"widget\" data-settings=\"{&quot;_animation&quot;:&quot;fadeInRight&quot;}\" data-widget_type=\"text-editor.default\">\n\t\t\t\t<div class=\"elementor-widget-container\">\n\t\t\t\t\t\t\t\t\t<p>Envie d&rsquo;un anniversaire qui sort vraiment du lot ? Chez\u00a0<strong>Monde virtuel de Pau,\u00a0<\/strong>on te r\u00e9serve\u00a0<strong>un terrain de jeu privatis\u00e9<\/strong> avec arcades, r\u00e9alit\u00e9 virtuelle, karaok\u00e9 box et jeux interactifs&#8230; le tout dans une ambiance survolt\u00e9e.<\/p>\n<p>Enfant, ados ou adulte :\u00a0<strong>chacun vit une f\u00eate sur-mesure,\u00a0<\/strong>pleine de rires, de d\u00e9fis et de souvenirs inoubliables.<\/p>\t\t\t\t\t\t\t\t<\/div>\n\t\t\t\t<\/div>\n\t\t\t\t<div class=\"elementor-element elementor-element-49ff8ec elementor-widget elementor-widget-spacer\" data-id=\"49ff8ec\" data-element_type=\"widget\" data-widget_type=\"spacer.default\">\n\t\t\t\t<div class=\"elementor-widget-container\">\n\t\t\t\t\t\t\t<div class=\"elementor-spacer\">\n\t\t\t<div class=\"elementor-spacer-inner\"><\/div>\n\t\t<\/div>\n\t\t\t\t\t\t<\/div>\n\t\t\t\t<\/div>\n\t\t<div class=\"elementor-element elementor-element-d2f06fd e-con-full e-flex e-con e-child\" data-id=\"d2f06fd\" data-element_type=\"container\" data-settings=\"{&quot;_ha_eqh_enable&quot;:false}\">\n\t\t\t\t<div class=\"elementor-element elementor-element-7600d03 elementor-button-info elementor-invisible elementor-widget elementor-widget-button\" data-id=\"7600d03\" data-element_type=\"widget\" data-settings=\"{&quot;_animation&quot;:&quot;fadeInLeft&quot;}\" data-widget_type=\"button.default\">\n\t\t\t\t<div class=\"elementor-widget-container\">\n\t\t\t\t\t\t\t\t\t<div class=\"elementor-button-wrapper\">\n\t\t\t\t\t<a class=\"elementor-button elementor-size-sm\" role=\"button\">\n\t\t\t\t\t\t<span class=\"elementor-button-content-wrapper\">\n\t\t\t\t\t\t\t\t\t<span class=\"elementor-button-text\">Prends une formule, et repars avec une journ\u00e9e qu'on n'oubliera jamais !<\/span>\n\t\t\t\t\t<\/span>\n\t\t\t\t\t<\/a>\n\t\t\t\t<\/div>\n\t\t\t\t\t\t\t\t<\/div>\n\t\t\t\t<\/div>\n\t\t\t\t<\/div>\n\t\t\t\t\t<\/div>\n\t\t\t\t<\/div>\n\t\t<div class=\"elementor-element elementor-element-a249c86 e-flex e-con-boxed e-con e-child\" data-id=\"a249c86\" data-element_type=\"container\" data-settings=\"{&quot;_ha_eqh_enable&quot;:false}\">\n\t\t\t\t\t<div class=\"e-con-inner\">\n\t\t\t\t<div class=\"elementor-element elementor-element-188f9d0 elementor-widget elementor-widget-image\" data-id=\"188f9d0\" data-element_type=\"widget\" data-settings=\"{&quot;_animation&quot;:&quot;none&quot;}\" data-widget_type=\"image.default\">\n\t\t\t\t<div class=\"elementor-widget-container\">\n\t\t\t\t\t\t\t\t\t\t\t\t\t\t\t<img fetchpriority=\"high\" decoding=\"async\" width=\"768\" height=\"377\" src=\"https:\/\/monde-virtuel-beauzelle.fr\/wp-content\/uploads\/2025\/06\/anniv1.jpg\" class=\"attachment-medium_large size-medium_large wp-image-410\" alt=\"Anniversaire\" srcset=\"https:\/\/monde-virtuel-beauzelle.fr\/wp-content\/uploads\/2025\/06\/anniv1.jpg 768w, https:\/\/monde-virtuel-beauzelle.fr\/wp-content\/uploads\/2025\/06\/anniv1-300x147.jpg 300w\" sizes=\"(max-width: 768px) 100vw, 768px\" \/>\t\t\t\t\t\t\t\t\t\t\t\t\t\t\t<\/div>\n\t\t\t\t<\/div>\n\t\t\t\t\t<\/div>\n\t\t\t\t<\/div>\n\t\t\t\t<\/div>\n\t\t<div class=\"elementor-element elementor-element-d1cffc6 e-con-full e-flex e-con e-parent\" data-id=\"d1cffc6\" data-element_type=\"container\" data-settings=\"{&quot;background_background&quot;:&quot;gradient&quot;,&quot;_ha_eqh_enable&quot;:false}\">\n\t\t<div class=\"elementor-element elementor-element-979901f e-flex e-con-boxed e-con e-child\" data-id=\"979901f\" data-element_type=\"container\" data-settings=\"{&quot;_ha_eqh_enable&quot;:false}\">\n\t\t\t\t\t<div class=\"e-con-inner\">\n\t\t\t\t<div class=\"elementor-element elementor-element-d4e37a2 elementor-widget elementor-widget-image\" data-id=\"d4e37a2\" data-element_type=\"widget\" data-widget_type=\"image.default\">\n\t\t\t\t<div class=\"elementor-widget-container\">\n\t\t\t\t\t\t\t\t\t\t\t\t\t\t\t<img decoding=\"async\" src=\"https:\/\/monde-virtuel-beauzelle.fr\/wp-content\/uploads\/elementor\/thumbs\/anniv2-rek4ia3lc9lkt5ptls9d0m5s0xqfbu3jlocoz3gbyu.jpg\" title=\"anniv2\" alt=\"Anniversaire 2\" loading=\"lazy\" \/>\t\t\t\t\t\t\t\t\t\t\t\t\t\t\t<\/div>\n\t\t\t\t<\/div>\n\t\t\t\t<div class=\"elementor-element elementor-element-e429813 elementor-invisible elementor-widget elementor-widget-heading\" data-id=\"e429813\" data-element_type=\"widget\" data-settings=\"{&quot;_animation&quot;:&quot;zoomInUp&quot;}\" data-widget_type=\"heading.default\">\n\t\t\t\t<div class=\"elementor-widget-container\">\n\t\t\t\t\t<h3 class=\"elementor-heading-title elementor-size-default\">RESERVE MAINTENANT !<\/h3>\t\t\t\t<\/div>\n\t\t\t\t<\/div>\n\t\t\t\t<div class=\"elementor-element elementor-element-5f7c346 elementor-widget elementor-widget-text-editor\" data-id=\"5f7c346\" data-element_type=\"widget\" data-widget_type=\"text-editor.default\">\n\t\t\t\t<div class=\"elementor-widget-container\">\n\t\t\t\t\t\t\t\t\t<p>Les anniversaires sont sur r\u00e9servation, pour que ta f\u00eate soit parfaite jusque dans le moindre d\u00e9tail,\u00a0<strong>chaque anniversaire est pr\u00e9par\u00e9 sur-mesure.<\/strong> Places limit\u00e9es, cr\u00e9neaux vite complets&#8230;<\/p>\t\t\t\t\t\t\t\t<\/div>\n\t\t\t\t<\/div>\n\t\t\t\t<div class=\"elementor-element elementor-element-45191c6 elementor-button-warning elementor-align-center elementor-widget elementor-widget-button\" data-id=\"45191c6\" data-element_type=\"widget\" data-widget_type=\"button.default\">\n\t\t\t\t<div class=\"elementor-widget-container\">\n\t\t\t\t\t\t\t\t\t<div class=\"elementor-button-wrapper\">\n\t\t\t\t\t<a class=\"elementor-button elementor-button-link elementor-size-sm\" href=\"https:\/\/monde-virtuel-beauzelle.fr\/?page_id=442\">\n\t\t\t\t\t\t<span class=\"elementor-button-content-wrapper\">\n\t\t\t\t\t\t\t\t\t<span class=\"elementor-button-text\">alors clique vite ici pour reserver  cette journ\u00e9e magique !<\/span>\n\t\t\t\t\t<\/span>\n\t\t\t\t\t<\/a>\n\t\t\t\t<\/div>\n\t\t\t\t\t\t\t\t<\/div>\n\t\t\t\t<\/div>\n\t\t\t\t\t<\/div>\n\t\t\t\t<\/div>\n\t\t\t\t<\/div>\n\t\t\t\t<\/div>\n\t\t","protected":false},"excerpt":{"rendered":"<p>ANNIVERSAIRE UN ANNIVERSAIRE PAS COMME LES AUTRES&#8230; MAIS CARREMENT MIEUX ! TON ANNIVERSAIRE DEVIENT UNE AVENTURE SPECTACULAIRE Envie d&rsquo;un anniversaire [&hellip;]<\/p>\n","protected":false},"author":1,"featured_media":0,"parent":0,"menu_order":0,"comment_status":"closed","ping_status":"closed","template":"elementor_theme","meta":{"site-sidebar-layout":"no-sidebar","site-content-layout":"plain-container","ast-site-content-layout":"full-width-container","site-content-style":"default","site-sidebar-style":"default","ast-global-header-display":"","ast-banner-title-visibility":"","ast-main-header-display":"","ast-hfb-above-header-display":"","ast-hfb-below-header-display":"","ast-hfb-mobile-header-display":"","site-post-title":"disabled","ast-breadcrumbs-content":"","ast-featured-img":"disabled","footer-sml-layout":"","theme-transparent-header-meta":"enabled","adv-header-id-meta":"","stick-header-meta":"","header-above-stick-meta":"","header-main-stick-meta":"","header-below-stick-meta":"","astra-migrate-meta-layouts":"default","ast-page-background-enabled":"default","ast-page-background-meta":{"desktop":{"background-color":"var(--ast-global-color-5)","background-image":"","background-repeat":"repeat","background-position":"center center","background-size":"auto","background-attachment":"scroll","background-type":"","background-media":"","overlay-type":"","overlay-color":"","overlay-opacity":"","overlay-gradient":""},"tablet":{"background-color":"","background-image":"","background-repeat":"repeat","background-position":"center center","background-size":"auto","background-attachment":"scroll","background-type":"","background-media":"","overlay-type":"","overlay-color":"","overlay-opacity":"","overlay-gradient":""},"mobile":{"background-color":"","background-image":"","background-repeat":"repeat","background-position":"center center","background-size":"auto","background-attachment":"scroll","background-type":"","background-media":"","overlay-type":"","overlay-color":"","overlay-opacity":"","overlay-gradient":""}},"ast-content-background-meta":{"desktop":{"background-color":"var(--ast-global-color-4)","background-image":"","background-repeat":"repeat","background-position":"center center","background-size":"auto","background-attachment":"scroll","background-type":"","background-media":"","overlay-type":"","overlay-color":"","overlay-opacity":"","overlay-gradient":""},"tablet":{"background-color":"var(--ast-global-color-4)","background-image":"","background-repeat":"repeat","background-position":"center center","background-size":"auto","background-attachment":"scroll","background-type":"","background-media":"","overlay-type":"","overlay-color":"","overlay-opacity":"","overlay-gradient":""},"mobile":{"background-color":"var(--ast-global-color-4)","background-image":"","background-repeat":"repeat","background-position":"center center","background-size":"auto","background-attachment":"scroll","background-type":"","background-media":"","overlay-type":"","overlay-color":"","overlay-opacity":"","overlay-gradient":""}},"footnotes":""},"class_list":["post-406","page","type-page","status-publish","hentry"],"yoast_head":"<!-- This site is optimized with the Yoast SEO plugin v25.3 - https:\/\/yoast.com\/wordpress\/plugins\/seo\/ -->\n<title>Anniversaires - Monde Virtuel Beauzelle<\/title>\n<meta name=\"robots\" content=\"index, follow, max-snippet:-1, max-image-preview:large, max-video-preview:-1\" \/>\n<link rel=\"canonical\" href=\"https:\/\/monde-virtuel-beauzelle.fr\/?page_id=406\" \/>\n<meta property=\"og:locale\" content=\"fr_FR\" \/>\n<meta property=\"og:type\" content=\"article\" \/>\n<meta property=\"og:title\" content=\"Anniversaires - Monde Virtuel Beauzelle\" \/>\n<meta property=\"og:description\" content=\"ANNIVERSAIRE UN ANNIVERSAIRE PAS COMME LES AUTRES&#8230; MAIS CARREMENT MIEUX ! TON ANNIVERSAIRE DEVIENT UNE AVENTURE SPECTACULAIRE Envie d&rsquo;un anniversaire [&hellip;]\" \/>\n<meta property=\"og:url\" content=\"https:\/\/monde-virtuel-beauzelle.fr\/?page_id=406\" \/>\n<meta property=\"og:site_name\" content=\"Monde Virtuel Beauzelle\" \/>\n<meta property=\"article:modified_time\" content=\"2026-02-05T14:49:20+00:00\" \/>\n<meta property=\"og:image\" content=\"https:\/\/monde-virtuel-beauzelle.fr\/wp-content\/uploads\/2025\/06\/anniv1.jpg\" \/>\n\t<meta property=\"og:image:width\" content=\"768\" \/>\n\t<meta property=\"og:image:height\" content=\"377\" \/>\n\t<meta property=\"og:image:type\" content=\"image\/jpeg\" \/>\n<meta name=\"twitter:card\" content=\"summary_large_image\" \/>\n<meta name=\"twitter:label1\" content=\"Dur\u00e9e de lecture estim\u00e9e\" \/>\n\t<meta name=\"twitter:data1\" content=\"1 minute\" \/>\n<script type=\"application\/ld+json\" class=\"yoast-schema-graph\">{\"@context\":\"https:\/\/schema.org\",\"@graph\":[{\"@type\":\"WebPage\",\"@id\":\"https:\/\/monde-virtuel-beauzelle.fr\/?page_id=406\",\"url\":\"https:\/\/monde-virtuel-beauzelle.fr\/?page_id=406\",\"name\":\"Anniversaires - Monde Virtuel Beauzelle\",\"isPartOf\":{\"@id\":\"https:\/\/monde-virtuel-beauzelle.fr\/#website\"},\"primaryImageOfPage\":{\"@id\":\"https:\/\/monde-virtuel-beauzelle.fr\/?page_id=406#primaryimage\"},\"image\":{\"@id\":\"https:\/\/monde-virtuel-beauzelle.fr\/?page_id=406#primaryimage\"},\"thumbnailUrl\":\"https:\/\/monde-virtuel-beauzelle.fr\/wp-content\/uploads\/2025\/06\/anniv1.jpg\",\"datePublished\":\"2025-06-08T08:44:21+00:00\",\"dateModified\":\"2026-02-05T14:49:20+00:00\",\"breadcrumb\":{\"@id\":\"https:\/\/monde-virtuel-beauzelle.fr\/?page_id=406#breadcrumb\"},\"inLanguage\":\"fr-FR\",\"potentialAction\":[{\"@type\":\"ReadAction\",\"target\":[\"https:\/\/monde-virtuel-beauzelle.fr\/?page_id=406\"]}]},{\"@type\":\"ImageObject\",\"inLanguage\":\"fr-FR\",\"@id\":\"https:\/\/monde-virtuel-beauzelle.fr\/?page_id=406#primaryimage\",\"url\":\"https:\/\/monde-virtuel-beauzelle.fr\/wp-content\/uploads\/2025\/06\/anniv1.jpg\",\"contentUrl\":\"https:\/\/monde-virtuel-beauzelle.fr\/wp-content\/uploads\/2025\/06\/anniv1.jpg\",\"width\":768,\"height\":377,\"caption\":\"Anniversaire\"},{\"@type\":\"BreadcrumbList\",\"@id\":\"https:\/\/monde-virtuel-beauzelle.fr\/?page_id=406#breadcrumb\",\"itemListElement\":[{\"@type\":\"ListItem\",\"position\":1,\"name\":\"Accueil\",\"item\":\"https:\/\/monde-virtuel-beauzelle.fr\/\"},{\"@type\":\"ListItem\",\"position\":2,\"name\":\"Anniversaires\"}]},{\"@type\":\"WebSite\",\"@id\":\"https:\/\/monde-virtuel-beauzelle.fr\/#website\",\"url\":\"https:\/\/monde-virtuel-beauzelle.fr\/\",\"name\":\"Monde Virtuel Beauzelle\",\"description\":\"Votre structure interactif au bord du plaisir\",\"potentialAction\":[{\"@type\":\"SearchAction\",\"target\":{\"@type\":\"EntryPoint\",\"urlTemplate\":\"https:\/\/monde-virtuel-beauzelle.fr\/?s={search_term_string}\"},\"query-input\":{\"@type\":\"PropertyValueSpecification\",\"valueRequired\":true,\"valueName\":\"search_term_string\"}}],\"inLanguage\":\"fr-FR\"}]}<\/script>\n<!-- \/ Yoast SEO plugin. -->","yoast_head_json":{"title":"Anniversaires - Monde Virtuel Beauzelle","robots":{"index":"index","follow":"follow","max-snippet":"max-snippet:-1","max-image-preview":"max-image-preview:large","max-video-preview":"max-video-preview:-1"},"canonical":"https:\/\/monde-virtuel-beauzelle.fr\/?page_id=406","og_locale":"fr_FR","og_type":"article","og_title":"Anniversaires - Monde Virtuel Beauzelle","og_description":"ANNIVERSAIRE UN ANNIVERSAIRE PAS COMME LES AUTRES&#8230; MAIS CARREMENT MIEUX ! TON ANNIVERSAIRE DEVIENT UNE AVENTURE SPECTACULAIRE Envie d&rsquo;un anniversaire [&hellip;]","og_url":"https:\/\/monde-virtuel-beauzelle.fr\/?page_id=406","og_site_name":"Monde Virtuel Beauzelle","article_modified_time":"2026-02-05T14:49:20+00:00","og_image":[{"width":768,"height":377,"url":"https:\/\/monde-virtuel-beauzelle.fr\/wp-content\/uploads\/2025\/06\/anniv1.jpg","type":"image\/jpeg"}],"twitter_card":"summary_large_image","twitter_misc":{"Dur\u00e9e de lecture estim\u00e9e":"1 minute"},"schema":{"@context":"https:\/\/schema.org","@graph":[{"@type":"WebPage","@id":"https:\/\/monde-virtuel-beauzelle.fr\/?page_id=406","url":"https:\/\/monde-virtuel-beauzelle.fr\/?page_id=406","name":"Anniversaires - Monde Virtuel Beauzelle","isPartOf":{"@id":"https:\/\/monde-virtuel-beauzelle.fr\/#website"},"primaryImageOfPage":{"@id":"https:\/\/monde-virtuel-beauzelle.fr\/?page_id=406#primaryimage"},"image":{"@id":"https:\/\/monde-virtuel-beauzelle.fr\/?page_id=406#primaryimage"},"thumbnailUrl":"https:\/\/monde-virtuel-beauzelle.fr\/wp-content\/uploads\/2025\/06\/anniv1.jpg","datePublished":"2025-06-08T08:44:21+00:00","dateModified":"2026-02-05T14:49:20+00:00","breadcrumb":{"@id":"https:\/\/monde-virtuel-beauzelle.fr\/?page_id=406#breadcrumb"},"inLanguage":"fr-FR","potentialAction":[{"@type":"ReadAction","target":["https:\/\/monde-virtuel-beauzelle.fr\/?page_id=406"]}]},{"@type":"ImageObject","inLanguage":"fr-FR","@id":"https:\/\/monde-virtuel-beauzelle.fr\/?page_id=406#primaryimage","url":"https:\/\/monde-virtuel-beauzelle.fr\/wp-content\/uploads\/2025\/06\/anniv1.jpg","contentUrl":"https:\/\/monde-virtuel-beauzelle.fr\/wp-content\/uploads\/2025\/06\/anniv1.jpg","width":768,"height":377,"caption":"Anniversaire"},{"@type":"BreadcrumbList","@id":"https:\/\/monde-virtuel-beauzelle.fr\/?page_id=406#breadcrumb","itemListElement":[{"@type":"ListItem","position":1,"name":"Accueil","item":"https:\/\/monde-virtuel-beauzelle.fr\/"},{"@type":"ListItem","position":2,"name":"Anniversaires"}]},{"@type":"WebSite","@id":"https:\/\/monde-virtuel-beauzelle.fr\/#website","url":"https:\/\/monde-virtuel-beauzelle.fr\/","name":"Monde Virtuel Beauzelle","description":"Votre structure interactif au bord du plaisir","potentialAction":[{"@type":"SearchAction","target":{"@type":"EntryPoint","urlTemplate":"https:\/\/monde-virtuel-beauzelle.fr\/?s={search_term_string}"},"query-input":{"@type":"PropertyValueSpecification","valueRequired":true,"valueName":"search_term_string"}}],"inLanguage":"fr-FR"}]}},"_links":{"self":[{"href":"https:\/\/monde-virtuel-beauzelle.fr\/index.php?rest_route=\/wp\/v2\/pages\/406","targetHints":{"allow":["GET"]}}],"collection":[{"href":"https:\/\/monde-virtuel-beauzelle.fr\/index.php?rest_route=\/wp\/v2\/pages"}],"about":[{"href":"https:\/\/monde-virtuel-beauzelle.fr\/index.php?rest_route=\/wp\/v2\/types\/page"}],"author":[{"embeddable":true,"href":"https:\/\/monde-virtuel-beauzelle.fr\/index.php?rest_route=\/wp\/v2\/users\/1"}],"replies":[{"embeddable":true,"href":"https:\/\/monde-virtuel-beauzelle.fr\/index.php?rest_route=%2Fwp%2Fv2%2Fcomments&post=406"}],"version-history":[{"count":7,"href":"https:\/\/monde-virtuel-beauzelle.fr\/index.php?rest_route=\/wp\/v2\/pages\/406\/revisions"}],"predecessor-version":[{"id":625,"href":"https:\/\/monde-virtuel-beauzelle.fr\/index.php?rest_route=\/wp\/v2\/pages\/406\/revisions\/625"}],"wp:attachment":[{"href":"https:\/\/monde-virtuel-beauzelle.fr\/index.php?rest_route=%2Fwp%2Fv2%2Fmedia&parent=406"}],"curies":[{"name":"wp","href":"https:\/\/api.w.org\/{rel}","templated":true}]}}