{"id":417,"date":"2025-06-08T11:25:20","date_gmt":"2025-06-08T09:25:20","guid":{"rendered":"https:\/\/monde-virtuel-beauzelle.fr\/?page_id=417"},"modified":"2026-03-27T10:43:04","modified_gmt":"2026-03-27T09:43:04","slug":"evg-evjf","status":"publish","type":"page","link":"https:\/\/monde-virtuel-beauzelle.fr\/?page_id=417","title":{"rendered":"EVG-EVJF"},"content":{"rendered":"\t\t<div data-elementor-type=\"wp-page\" data-elementor-id=\"417\" class=\"elementor elementor-417\" data-elementor-settings=\"{&quot;ha_cmc_init_switcher&quot;:&quot;no&quot;}\">\n\t\t\t\t<div class=\"elementor-element elementor-element-4667946 e-con-full e-flex e-con e-parent\" data-id=\"4667946\" data-element_type=\"container\" data-settings=\"{&quot;background_background&quot;:&quot;classic&quot;,&quot;_ha_eqh_enable&quot;:false}\">\n\t\t<div class=\"elementor-element elementor-element-301098b e-con-full e-flex elementor-invisible e-con e-child\" data-id=\"301098b\" data-element_type=\"container\" data-settings=\"{&quot;animation&quot;:&quot;rollIn&quot;,&quot;_ha_eqh_enable&quot;:false}\">\n\t\t\t\t<div class=\"elementor-element elementor-element-286aff9 elementor-widget elementor-widget-heading\" data-id=\"286aff9\" data-element_type=\"widget\" data-widget_type=\"heading.default\">\n\t\t\t\t<div class=\"elementor-widget-container\">\n\t\t\t\t\t<h2 class=\"elementor-heading-title elementor-size-default\">EVG-EVJF<\/h2>\t\t\t\t<\/div>\n\t\t\t\t<\/div>\n\t\t\t\t<div class=\"elementor-element elementor-element-4af8c88 elementor-widget elementor-widget-heading\" data-id=\"4af8c88\" data-element_type=\"widget\" data-widget_type=\"heading.default\">\n\t\t\t\t<div class=\"elementor-widget-container\">\n\t\t\t\t\t<h3 class=\"elementor-heading-title elementor-size-default\">ENTERRE TA VIE DE CELIBATAIRE COMME JAMAIS !<\/h3>\t\t\t\t<\/div>\n\t\t\t\t<\/div>\n\t\t\t\t<\/div>\n\t\t\t\t<\/div>\n\t\t<div class=\"elementor-element elementor-element-d364592 e-con-full e-flex e-con e-parent\" data-id=\"d364592\" data-element_type=\"container\" data-settings=\"{&quot;background_background&quot;:&quot;classic&quot;,&quot;_ha_eqh_enable&quot;:false}\">\n\t\t<div class=\"elementor-element elementor-element-a8f05ef e-flex e-con-boxed e-con e-child\" data-id=\"a8f05ef\" data-element_type=\"container\" data-settings=\"{&quot;_ha_eqh_enable&quot;:false}\">\n\t\t\t\t\t<div class=\"e-con-inner\">\n\t\t\t\t<div class=\"elementor-element elementor-element-108ece8 elementor-invisible elementor-widget elementor-widget-heading\" data-id=\"108ece8\" data-element_type=\"widget\" data-settings=\"{&quot;_animation&quot;:&quot;fadeIn&quot;}\" data-widget_type=\"heading.default\">\n\t\t\t\t<div class=\"elementor-widget-container\">\n\t\t\t\t\t<h3 class=\"elementor-heading-title elementor-size-default\">MARIAGE EN VUE ? COMMENCE PAR L'AVENTURE<\/h3>\t\t\t\t<\/div>\n\t\t\t\t<\/div>\n\t\t\t\t<div class=\"elementor-element elementor-element-abef15b elementor-widget elementor-widget-spacer\" data-id=\"abef15b\" data-element_type=\"widget\" data-widget_type=\"spacer.default\">\n\t\t\t\t<div class=\"elementor-widget-container\">\n\t\t\t\t\t\t\t<div class=\"elementor-spacer\">\n\t\t\t<div class=\"elementor-spacer-inner\"><\/div>\n\t\t<\/div>\n\t\t\t\t\t\t<\/div>\n\t\t\t\t<\/div>\n\t\t\t\t<div class=\"elementor-element elementor-element-e27daa2 elementor-invisible elementor-widget elementor-widget-text-editor\" data-id=\"e27daa2\" data-element_type=\"widget\" data-settings=\"{&quot;_animation&quot;:&quot;fadeInRight&quot;}\" data-widget_type=\"text-editor.default\">\n\t\t\t\t<div class=\"elementor-widget-container\">\n\t\t\t\t\t\t\t\t\t<p>Avant de dire \u00ab\u00a0oui\u00a0\u00bb pour la vie, dis \u00ab\u00a0oui\u00a0\u00bb \u00e0 une journ\u00e9e compl\u00e8tement d\u00e9jant\u00e9e.<\/p><p>Chez\u00a0<strong>Monde Virtuel de Beauzelle, <\/strong>on te pr\u00e9pare un\u00a0<strong>EVG ou EVJF<\/strong> m\u00e9morable. R\u00e9alit\u00e9 virtuelle immersive, arcades, karaok\u00e9 box, jeux interactifs&#8230; tout est r\u00e9uni pour cr\u00e9er\u00a0<strong>une ambiance de folie entre ami(e)s.<\/strong><\/p>\t\t\t\t\t\t\t\t<\/div>\n\t\t\t\t<\/div>\n\t\t\t\t<div class=\"elementor-element elementor-element-49ff8ec elementor-widget elementor-widget-spacer\" data-id=\"49ff8ec\" data-element_type=\"widget\" data-widget_type=\"spacer.default\">\n\t\t\t\t<div class=\"elementor-widget-container\">\n\t\t\t\t\t\t\t<div class=\"elementor-spacer\">\n\t\t\t<div class=\"elementor-spacer-inner\"><\/div>\n\t\t<\/div>\n\t\t\t\t\t\t<\/div>\n\t\t\t\t<\/div>\n\t\t<div class=\"elementor-element elementor-element-d2f06fd e-con-full e-flex e-con e-child\" data-id=\"d2f06fd\" data-element_type=\"container\" data-settings=\"{&quot;_ha_eqh_enable&quot;:false}\">\n\t\t\t\t<div class=\"elementor-element elementor-element-7600d03 elementor-button-info elementor-invisible elementor-widget elementor-widget-button\" data-id=\"7600d03\" data-element_type=\"widget\" data-settings=\"{&quot;_animation&quot;:&quot;fadeInLeft&quot;}\" data-widget_type=\"button.default\">\n\t\t\t\t<div class=\"elementor-widget-container\">\n\t\t\t\t\t\t\t\t\t<div class=\"elementor-button-wrapper\">\n\t\t\t\t\t<a class=\"elementor-button elementor-size-sm\" role=\"button\">\n\t\t\t\t\t\t<span class=\"elementor-button-content-wrapper\">\n\t\t\t\t\t\t\t\t\t<span class=\"elementor-button-text\">Dernier jour de folie entre potes ? C'est ici que \u00e7a se passe !<\/span>\n\t\t\t\t\t<\/span>\n\t\t\t\t\t<\/a>\n\t\t\t\t<\/div>\n\t\t\t\t\t\t\t\t<\/div>\n\t\t\t\t<\/div>\n\t\t\t\t<\/div>\n\t\t\t\t\t<\/div>\n\t\t\t\t<\/div>\n\t\t<div class=\"elementor-element elementor-element-a249c86 e-flex e-con-boxed e-con e-child\" data-id=\"a249c86\" data-element_type=\"container\" data-settings=\"{&quot;_ha_eqh_enable&quot;:false}\">\n\t\t\t\t\t<div class=\"e-con-inner\">\n\t\t\t\t<div class=\"elementor-element elementor-element-188f9d0 elementor-widget elementor-widget-image\" data-id=\"188f9d0\" data-element_type=\"widget\" data-settings=\"{&quot;_animation&quot;:&quot;none&quot;}\" data-widget_type=\"image.default\">\n\t\t\t\t<div class=\"elementor-widget-container\">\n\t\t\t\t\t\t\t\t\t\t\t\t\t\t\t<img fetchpriority=\"high\" decoding=\"async\" width=\"225\" height=\"300\" src=\"https:\/\/monde-virtuel-beauzelle.fr\/wp-content\/uploads\/2025\/06\/1707163206440-1-225x300.jpg\" class=\"attachment-medium size-medium wp-image-420\" alt=\"EVJF\" srcset=\"https:\/\/monde-virtuel-beauzelle.fr\/wp-content\/uploads\/2025\/06\/1707163206440-1-225x300.jpg 225w, https:\/\/monde-virtuel-beauzelle.fr\/wp-content\/uploads\/2025\/06\/1707163206440-1-766x1024.jpg 766w, https:\/\/monde-virtuel-beauzelle.fr\/wp-content\/uploads\/2025\/06\/1707163206440-1-768x1026.jpg 768w, https:\/\/monde-virtuel-beauzelle.fr\/wp-content\/uploads\/2025\/06\/1707163206440-1.jpg 958w\" sizes=\"(max-width: 225px) 100vw, 225px\" \/>\t\t\t\t\t\t\t\t\t\t\t\t\t\t\t<\/div>\n\t\t\t\t<\/div>\n\t\t\t\t<div class=\"elementor-element elementor-element-443e9e4 elementor-widget elementor-widget-image\" data-id=\"443e9e4\" data-element_type=\"widget\" data-widget_type=\"image.default\">\n\t\t\t\t<div class=\"elementor-widget-container\">\n\t\t\t\t\t\t\t\t\t\t\t\t\t\t\t<img decoding=\"async\" width=\"214\" height=\"300\" src=\"https:\/\/monde-virtuel-beauzelle.fr\/wp-content\/uploads\/2025\/06\/IMG_20240204_123713-1-214x300.jpg\" class=\"attachment-medium size-medium wp-image-421\" alt=\"EVG\" srcset=\"https:\/\/monde-virtuel-beauzelle.fr\/wp-content\/uploads\/2025\/06\/IMG_20240204_123713-1-214x300.jpg 214w, https:\/\/monde-virtuel-beauzelle.fr\/wp-content\/uploads\/2025\/06\/IMG_20240204_123713-1.jpg 598w\" sizes=\"(max-width: 214px) 100vw, 214px\" \/>\t\t\t\t\t\t\t\t\t\t\t\t\t\t\t<\/div>\n\t\t\t\t<\/div>\n\t\t\t\t\t<\/div>\n\t\t\t\t<\/div>\n\t\t\t\t<\/div>\n\t\t<div class=\"elementor-element elementor-element-d1cffc6 e-con-full e-flex e-con e-parent\" data-id=\"d1cffc6\" data-element_type=\"container\" data-settings=\"{&quot;background_background&quot;:&quot;gradient&quot;,&quot;_ha_eqh_enable&quot;:false}\">\n\t\t<div class=\"elementor-element elementor-element-979901f e-flex e-con-boxed e-con e-child\" data-id=\"979901f\" data-element_type=\"container\" data-settings=\"{&quot;_ha_eqh_enable&quot;:false}\">\n\t\t\t\t\t<div class=\"e-con-inner\">\n\t\t\t\t<div class=\"elementor-element elementor-element-d4e37a2 elementor-widget elementor-widget-image\" data-id=\"d4e37a2\" data-element_type=\"widget\" data-widget_type=\"image.default\">\n\t\t\t\t<div class=\"elementor-widget-container\">\n\t\t\t\t\t\t\t\t\t\t\t\t\t\t\t<img decoding=\"async\" src=\"https:\/\/monde-virtuel-beauzelle.fr\/wp-content\/uploads\/elementor\/thumbs\/people-1230872_1280-rek4ifqmh9taqthmoup4fkqjl8ymm0pxmg9lur7z00.jpg\" title=\"people-1230872_1280\" alt=\"F\u00eate EVG\" loading=\"lazy\" \/>\t\t\t\t\t\t\t\t\t\t\t\t\t\t\t<\/div>\n\t\t\t\t<\/div>\n\t\t\t\t<div class=\"elementor-element elementor-element-e429813 elementor-invisible elementor-widget elementor-widget-heading\" data-id=\"e429813\" data-element_type=\"widget\" data-settings=\"{&quot;_animation&quot;:&quot;zoomInUp&quot;}\" data-widget_type=\"heading.default\">\n\t\t\t\t<div class=\"elementor-widget-container\">\n\t\t\t\t\t<h3 class=\"elementor-heading-title elementor-size-default\">RESERVE MAINTENANT !<\/h3>\t\t\t\t<\/div>\n\t\t\t\t<\/div>\n\t\t\t\t<div class=\"elementor-element elementor-element-5f7c346 elementor-widget elementor-widget-text-editor\" data-id=\"5f7c346\" data-element_type=\"widget\" data-widget_type=\"text-editor.default\">\n\t\t\t\t<div class=\"elementor-widget-container\">\n\t\t\t\t\t\t\t\t\t<p>Pour vivre un <strong data-start=\"292\" data-end=\"314\">EVG hors du commun<\/strong>, rien de mieux qu\u2019une exp\u00e9rience sur-mesure dans un lieu 100 % fun.<br data-start=\"382\" data-end=\"385\" \/>Chez <em data-start=\"390\" data-end=\"405\">Monde Virtuel<\/em>, on te pr\u00e9pare une journ\u00e9e explosive entre potes : <strong data-start=\"457\" data-end=\"515\">arcades, r\u00e9alit\u00e9 virtuelle, karaok\u00e9, jeux interactifs\u2026<\/strong> et un espace rien que pour vous !<\/p>\t\t\t\t\t\t\t\t<\/div>\n\t\t\t\t<\/div>\n\t\t\t\t<div class=\"elementor-element elementor-element-45191c6 elementor-button-warning elementor-align-center elementor-widget elementor-widget-button\" data-id=\"45191c6\" data-element_type=\"widget\" data-widget_type=\"button.default\">\n\t\t\t\t<div class=\"elementor-widget-container\">\n\t\t\t\t\t\t\t\t\t<div class=\"elementor-button-wrapper\">\n\t\t\t\t\t<a class=\"elementor-button elementor-button-link elementor-size-sm\" href=\"https:\/\/monde-virtuel-beauzelle.fr\/?page_id=442\">\n\t\t\t\t\t\t<span class=\"elementor-button-content-wrapper\">\n\t\t\t\t\t\t\t\t\t<span class=\"elementor-button-text\">Clique ici et pr\u00e9pare-toi \u00e0 vivre ton EVG ou EVJF en grand !<\/span>\n\t\t\t\t\t<\/span>\n\t\t\t\t\t<\/a>\n\t\t\t\t<\/div>\n\t\t\t\t\t\t\t\t<\/div>\n\t\t\t\t<\/div>\n\t\t\t\t\t<\/div>\n\t\t\t\t<\/div>\n\t\t\t\t<\/div>\n\t\t\t\t<\/div>\n\t\t","protected":false},"excerpt":{"rendered":"<p>EVG-EVJF ENTERRE TA VIE DE CELIBATAIRE COMME JAMAIS ! MARIAGE EN VUE ? COMMENCE PAR L&rsquo;AVENTURE Avant de dire \u00ab\u00a0oui\u00a0\u00bb [&hellip;]<\/p>\n","protected":false},"author":1,"featured_media":0,"parent":0,"menu_order":0,"comment_status":"closed","ping_status":"closed","template":"elementor_theme","meta":{"site-sidebar-layout":"no-sidebar","site-content-layout":"plain-container","ast-site-content-layout":"full-width-container","site-content-style":"default","site-sidebar-style":"default","ast-global-header-display":"","ast-banner-title-visibility":"","ast-main-header-display":"","ast-hfb-above-header-display":"","ast-hfb-below-header-display":"","ast-hfb-mobile-header-display":"","site-post-title":"disabled","ast-breadcrumbs-content":"","ast-featured-img":"disabled","footer-sml-layout":"","theme-transparent-header-meta":"enabled","adv-header-id-meta":"","stick-header-meta":"","header-above-stick-meta":"","header-main-stick-meta":"","header-below-stick-meta":"","astra-migrate-meta-layouts":"default","ast-page-background-enabled":"default","ast-page-background-meta":{"desktop":{"background-color":"var(--ast-global-color-5)","background-image":"","background-repeat":"repeat","background-position":"center center","background-size":"auto","background-attachment":"scroll","background-type":"","background-media":"","overlay-type":"","overlay-color":"","overlay-opacity":"","overlay-gradient":""},"tablet":{"background-color":"","background-image":"","background-repeat":"repeat","background-position":"center center","background-size":"auto","background-attachment":"scroll","background-type":"","background-media":"","overlay-type":"","overlay-color":"","overlay-opacity":"","overlay-gradient":""},"mobile":{"background-color":"","background-image":"","background-repeat":"repeat","background-position":"center center","background-size":"auto","background-attachment":"scroll","background-type":"","background-media":"","overlay-type":"","overlay-color":"","overlay-opacity":"","overlay-gradient":""}},"ast-content-background-meta":{"desktop":{"background-color":"var(--ast-global-color-4)","background-image":"","background-repeat":"repeat","background-position":"center center","background-size":"auto","background-attachment":"scroll","background-type":"","background-media":"","overlay-type":"","overlay-color":"","overlay-opacity":"","overlay-gradient":""},"tablet":{"background-color":"var(--ast-global-color-4)","background-image":"","background-repeat":"repeat","background-position":"center center","background-size":"auto","background-attachment":"scroll","background-type":"","background-media":"","overlay-type":"","overlay-color":"","overlay-opacity":"","overlay-gradient":""},"mobile":{"background-color":"var(--ast-global-color-4)","background-image":"","background-repeat":"repeat","background-position":"center center","background-size":"auto","background-attachment":"scroll","background-type":"","background-media":"","overlay-type":"","overlay-color":"","overlay-opacity":"","overlay-gradient":""}},"footnotes":""},"class_list":["post-417","page","type-page","status-publish","hentry"],"yoast_head":"<!-- This site is optimized with the Yoast SEO plugin v25.3 - https:\/\/yoast.com\/wordpress\/plugins\/seo\/ -->\n<title>EVG-EVJF - Monde Virtuel Beauzelle<\/title>\n<meta name=\"robots\" content=\"index, follow, max-snippet:-1, max-image-preview:large, max-video-preview:-1\" \/>\n<link rel=\"canonical\" href=\"https:\/\/monde-virtuel-beauzelle.fr\/?page_id=417\" \/>\n<meta property=\"og:locale\" content=\"fr_FR\" \/>\n<meta property=\"og:type\" content=\"article\" \/>\n<meta property=\"og:title\" content=\"EVG-EVJF - Monde Virtuel Beauzelle\" \/>\n<meta property=\"og:description\" content=\"EVG-EVJF ENTERRE TA VIE DE CELIBATAIRE COMME JAMAIS ! MARIAGE EN VUE ? COMMENCE PAR L&rsquo;AVENTURE Avant de dire \u00ab\u00a0oui\u00a0\u00bb [&hellip;]\" \/>\n<meta property=\"og:url\" content=\"https:\/\/monde-virtuel-beauzelle.fr\/?page_id=417\" \/>\n<meta property=\"og:site_name\" content=\"Monde Virtuel Beauzelle\" \/>\n<meta property=\"article:modified_time\" content=\"2026-03-27T09:43:04+00:00\" \/>\n<meta property=\"og:image\" content=\"https:\/\/monde-virtuel-beauzelle.fr\/wp-content\/uploads\/2025\/06\/1707163206440-1.jpg\" \/>\n\t<meta property=\"og:image:width\" content=\"958\" \/>\n\t<meta property=\"og:image:height\" content=\"1280\" \/>\n\t<meta property=\"og:image:type\" content=\"image\/jpeg\" \/>\n<meta name=\"twitter:card\" content=\"summary_large_image\" \/>\n<meta name=\"twitter:label1\" content=\"Dur\u00e9e de lecture estim\u00e9e\" \/>\n\t<meta name=\"twitter:data1\" content=\"2 minutes\" \/>\n<script type=\"application\/ld+json\" class=\"yoast-schema-graph\">{\"@context\":\"https:\/\/schema.org\",\"@graph\":[{\"@type\":\"WebPage\",\"@id\":\"https:\/\/monde-virtuel-beauzelle.fr\/?page_id=417\",\"url\":\"https:\/\/monde-virtuel-beauzelle.fr\/?page_id=417\",\"name\":\"EVG-EVJF - Monde Virtuel Beauzelle\",\"isPartOf\":{\"@id\":\"https:\/\/monde-virtuel-beauzelle.fr\/#website\"},\"primaryImageOfPage\":{\"@id\":\"https:\/\/monde-virtuel-beauzelle.fr\/?page_id=417#primaryimage\"},\"image\":{\"@id\":\"https:\/\/monde-virtuel-beauzelle.fr\/?page_id=417#primaryimage\"},\"thumbnailUrl\":\"https:\/\/monde-virtuel-beauzelle.fr\/wp-content\/uploads\/2025\/06\/1707163206440-1-225x300.jpg\",\"datePublished\":\"2025-06-08T09:25:20+00:00\",\"dateModified\":\"2026-03-27T09:43:04+00:00\",\"breadcrumb\":{\"@id\":\"https:\/\/monde-virtuel-beauzelle.fr\/?page_id=417#breadcrumb\"},\"inLanguage\":\"fr-FR\",\"potentialAction\":[{\"@type\":\"ReadAction\",\"target\":[\"https:\/\/monde-virtuel-beauzelle.fr\/?page_id=417\"]}]},{\"@type\":\"ImageObject\",\"inLanguage\":\"fr-FR\",\"@id\":\"https:\/\/monde-virtuel-beauzelle.fr\/?page_id=417#primaryimage\",\"url\":\"https:\/\/monde-virtuel-beauzelle.fr\/wp-content\/uploads\/2025\/06\/1707163206440-1.jpg\",\"contentUrl\":\"https:\/\/monde-virtuel-beauzelle.fr\/wp-content\/uploads\/2025\/06\/1707163206440-1.jpg\",\"width\":958,\"height\":1280,\"caption\":\"EVJF\"},{\"@type\":\"BreadcrumbList\",\"@id\":\"https:\/\/monde-virtuel-beauzelle.fr\/?page_id=417#breadcrumb\",\"itemListElement\":[{\"@type\":\"ListItem\",\"position\":1,\"name\":\"Accueil\",\"item\":\"https:\/\/monde-virtuel-beauzelle.fr\/\"},{\"@type\":\"ListItem\",\"position\":2,\"name\":\"EVG-EVJF\"}]},{\"@type\":\"WebSite\",\"@id\":\"https:\/\/monde-virtuel-beauzelle.fr\/#website\",\"url\":\"https:\/\/monde-virtuel-beauzelle.fr\/\",\"name\":\"Monde Virtuel Beauzelle\",\"description\":\"Votre structure interactif au bord du plaisir\",\"potentialAction\":[{\"@type\":\"SearchAction\",\"target\":{\"@type\":\"EntryPoint\",\"urlTemplate\":\"https:\/\/monde-virtuel-beauzelle.fr\/?s={search_term_string}\"},\"query-input\":{\"@type\":\"PropertyValueSpecification\",\"valueRequired\":true,\"valueName\":\"search_term_string\"}}],\"inLanguage\":\"fr-FR\"}]}<\/script>\n<!-- \/ Yoast SEO plugin. -->","yoast_head_json":{"title":"EVG-EVJF - Monde Virtuel Beauzelle","robots":{"index":"index","follow":"follow","max-snippet":"max-snippet:-1","max-image-preview":"max-image-preview:large","max-video-preview":"max-video-preview:-1"},"canonical":"https:\/\/monde-virtuel-beauzelle.fr\/?page_id=417","og_locale":"fr_FR","og_type":"article","og_title":"EVG-EVJF - Monde Virtuel Beauzelle","og_description":"EVG-EVJF ENTERRE TA VIE DE CELIBATAIRE COMME JAMAIS ! MARIAGE EN VUE ? COMMENCE PAR L&rsquo;AVENTURE Avant de dire \u00ab\u00a0oui\u00a0\u00bb [&hellip;]","og_url":"https:\/\/monde-virtuel-beauzelle.fr\/?page_id=417","og_site_name":"Monde Virtuel Beauzelle","article_modified_time":"2026-03-27T09:43:04+00:00","og_image":[{"width":958,"height":1280,"url":"https:\/\/monde-virtuel-beauzelle.fr\/wp-content\/uploads\/2025\/06\/1707163206440-1.jpg","type":"image\/jpeg"}],"twitter_card":"summary_large_image","twitter_misc":{"Dur\u00e9e de lecture estim\u00e9e":"2 minutes"},"schema":{"@context":"https:\/\/schema.org","@graph":[{"@type":"WebPage","@id":"https:\/\/monde-virtuel-beauzelle.fr\/?page_id=417","url":"https:\/\/monde-virtuel-beauzelle.fr\/?page_id=417","name":"EVG-EVJF - Monde Virtuel Beauzelle","isPartOf":{"@id":"https:\/\/monde-virtuel-beauzelle.fr\/#website"},"primaryImageOfPage":{"@id":"https:\/\/monde-virtuel-beauzelle.fr\/?page_id=417#primaryimage"},"image":{"@id":"https:\/\/monde-virtuel-beauzelle.fr\/?page_id=417#primaryimage"},"thumbnailUrl":"https:\/\/monde-virtuel-beauzelle.fr\/wp-content\/uploads\/2025\/06\/1707163206440-1-225x300.jpg","datePublished":"2025-06-08T09:25:20+00:00","dateModified":"2026-03-27T09:43:04+00:00","breadcrumb":{"@id":"https:\/\/monde-virtuel-beauzelle.fr\/?page_id=417#breadcrumb"},"inLanguage":"fr-FR","potentialAction":[{"@type":"ReadAction","target":["https:\/\/monde-virtuel-beauzelle.fr\/?page_id=417"]}]},{"@type":"ImageObject","inLanguage":"fr-FR","@id":"https:\/\/monde-virtuel-beauzelle.fr\/?page_id=417#primaryimage","url":"https:\/\/monde-virtuel-beauzelle.fr\/wp-content\/uploads\/2025\/06\/1707163206440-1.jpg","contentUrl":"https:\/\/monde-virtuel-beauzelle.fr\/wp-content\/uploads\/2025\/06\/1707163206440-1.jpg","width":958,"height":1280,"caption":"EVJF"},{"@type":"BreadcrumbList","@id":"https:\/\/monde-virtuel-beauzelle.fr\/?page_id=417#breadcrumb","itemListElement":[{"@type":"ListItem","position":1,"name":"Accueil","item":"https:\/\/monde-virtuel-beauzelle.fr\/"},{"@type":"ListItem","position":2,"name":"EVG-EVJF"}]},{"@type":"WebSite","@id":"https:\/\/monde-virtuel-beauzelle.fr\/#website","url":"https:\/\/monde-virtuel-beauzelle.fr\/","name":"Monde Virtuel Beauzelle","description":"Votre structure interactif au bord du plaisir","potentialAction":[{"@type":"SearchAction","target":{"@type":"EntryPoint","urlTemplate":"https:\/\/monde-virtuel-beauzelle.fr\/?s={search_term_string}"},"query-input":{"@type":"PropertyValueSpecification","valueRequired":true,"valueName":"search_term_string"}}],"inLanguage":"fr-FR"}]}},"_links":{"self":[{"href":"https:\/\/monde-virtuel-beauzelle.fr\/index.php?rest_route=\/wp\/v2\/pages\/417","targetHints":{"allow":["GET"]}}],"collection":[{"href":"https:\/\/monde-virtuel-beauzelle.fr\/index.php?rest_route=\/wp\/v2\/pages"}],"about":[{"href":"https:\/\/monde-virtuel-beauzelle.fr\/index.php?rest_route=\/wp\/v2\/types\/page"}],"author":[{"embeddable":true,"href":"https:\/\/monde-virtuel-beauzelle.fr\/index.php?rest_route=\/wp\/v2\/users\/1"}],"replies":[{"embeddable":true,"href":"https:\/\/monde-virtuel-beauzelle.fr\/index.php?rest_route=%2Fwp%2Fv2%2Fcomments&post=417"}],"version-history":[{"count":10,"href":"https:\/\/monde-virtuel-beauzelle.fr\/index.php?rest_route=\/wp\/v2\/pages\/417\/revisions"}],"predecessor-version":[{"id":700,"href":"https:\/\/monde-virtuel-beauzelle.fr\/index.php?rest_route=\/wp\/v2\/pages\/417\/revisions\/700"}],"wp:attachment":[{"href":"https:\/\/monde-virtuel-beauzelle.fr\/index.php?rest_route=%2Fwp%2Fv2%2Fmedia&parent=417"}],"curies":[{"name":"wp","href":"https:\/\/api.w.org\/{rel}","templated":true}]}}