{"id":428,"date":"2025-06-09T08:39:12","date_gmt":"2025-06-09T06:39:12","guid":{"rendered":"https:\/\/monde-virtuel-beauzelle.fr\/?page_id=428"},"modified":"2026-02-05T15:44:26","modified_gmt":"2026-02-05T14:44:26","slug":"privatisation","status":"publish","type":"page","link":"https:\/\/monde-virtuel-beauzelle.fr\/?page_id=428","title":{"rendered":"Privatisation"},"content":{"rendered":"\t\t<div data-elementor-type=\"wp-page\" data-elementor-id=\"428\" class=\"elementor elementor-428\" data-elementor-settings=\"{&quot;ha_cmc_init_switcher&quot;:&quot;no&quot;}\">\n\t\t\t\t<div class=\"elementor-element elementor-element-4667946 e-con-full e-flex e-con e-parent\" data-id=\"4667946\" data-element_type=\"container\" data-settings=\"{&quot;background_background&quot;:&quot;classic&quot;,&quot;_ha_eqh_enable&quot;:false}\">\n\t\t<div class=\"elementor-element elementor-element-301098b e-con-full e-flex elementor-invisible e-con e-child\" data-id=\"301098b\" data-element_type=\"container\" data-settings=\"{&quot;animation&quot;:&quot;rollIn&quot;,&quot;_ha_eqh_enable&quot;:false}\">\n\t\t\t\t<div class=\"elementor-element elementor-element-286aff9 elementor-widget elementor-widget-heading\" data-id=\"286aff9\" data-element_type=\"widget\" data-widget_type=\"heading.default\">\n\t\t\t\t<div class=\"elementor-widget-container\">\n\t\t\t\t\t<h2 class=\"elementor-heading-title elementor-size-default\">PRIVATISATION<\/h2>\t\t\t\t<\/div>\n\t\t\t\t<\/div>\n\t\t\t\t<div class=\"elementor-element elementor-element-4af8c88 elementor-widget elementor-widget-heading\" data-id=\"4af8c88\" data-element_type=\"widget\" data-widget_type=\"heading.default\">\n\t\t\t\t<div class=\"elementor-widget-container\">\n\t\t\t\t\t<h3 class=\"elementor-heading-title elementor-size-default\">VOS EVENEMENTS MERITENT UN LIEU UNIQUE<\/h3>\t\t\t\t<\/div>\n\t\t\t\t<\/div>\n\t\t\t\t<\/div>\n\t\t\t\t<\/div>\n\t\t<div class=\"elementor-element elementor-element-d364592 e-con-full e-flex e-con e-parent\" data-id=\"d364592\" data-element_type=\"container\" data-settings=\"{&quot;background_background&quot;:&quot;classic&quot;,&quot;_ha_eqh_enable&quot;:false}\">\n\t\t<div class=\"elementor-element elementor-element-a8f05ef e-flex e-con-boxed e-con e-child\" data-id=\"a8f05ef\" data-element_type=\"container\" data-settings=\"{&quot;_ha_eqh_enable&quot;:false}\">\n\t\t\t\t\t<div class=\"e-con-inner\">\n\t\t\t\t<div class=\"elementor-element elementor-element-108ece8 elementor-invisible elementor-widget elementor-widget-heading\" data-id=\"108ece8\" data-element_type=\"widget\" data-settings=\"{&quot;_animation&quot;:&quot;fadeIn&quot;}\" data-widget_type=\"heading.default\">\n\t\t\t\t<div class=\"elementor-widget-container\">\n\t\t\t\t\t<h3 class=\"elementor-heading-title elementor-size-default\">PRIVATISEZ, PERSONNALISEZ, PROFITEZ A FOND !<\/h3>\t\t\t\t<\/div>\n\t\t\t\t<\/div>\n\t\t\t\t<div class=\"elementor-element elementor-element-abef15b elementor-widget elementor-widget-spacer\" data-id=\"abef15b\" data-element_type=\"widget\" data-widget_type=\"spacer.default\">\n\t\t\t\t<div class=\"elementor-widget-container\">\n\t\t\t\t\t\t\t<div class=\"elementor-spacer\">\n\t\t\t<div class=\"elementor-spacer-inner\"><\/div>\n\t\t<\/div>\n\t\t\t\t\t\t<\/div>\n\t\t\t\t<\/div>\n\t\t\t\t<div class=\"elementor-element elementor-element-e27daa2 elementor-invisible elementor-widget elementor-widget-text-editor\" data-id=\"e27daa2\" data-element_type=\"widget\" data-settings=\"{&quot;_animation&quot;:&quot;fadeInRight&quot;}\" data-widget_type=\"text-editor.default\">\n\t\t\t\t<div class=\"elementor-widget-container\">\n\t\t\t\t\t\t\t\t\t<p>Organisez vos \u00e9v\u00e9nements professionnels ou familiaux dans un cadre original et immersif.<br data-start=\"302\" data-end=\"305\" \/>Notre salle privatisable est parfaite pour vos <strong data-start=\"352\" data-end=\"373\">r\u00e9unions d\u2019\u00e9quipe<\/strong>, <strong data-start=\"375\" data-end=\"393\">team buildings<\/strong>, <strong data-start=\"395\" data-end=\"414\" data-is-only-node=\"\">repas de groupe<\/strong>, <strong data-start=\"416\" data-end=\"436\">f\u00eates de famille<\/strong> ou <strong data-start=\"440\" data-end=\"466\">\u00e9v\u00e9nements associatifs<\/strong>.<br data-start=\"467\" data-end=\"470\" \/>\ud83c\udfae Activit\u00e9s ludiques, \ud83c\udfa4 karaok\u00e9, \ud83d\udd79\ufe0f jeux interactifs ou m\u00eame r\u00e9alit\u00e9 virtuelle : cr\u00e9ez un moment convivial, dynamique et sur-mesure.<\/p>\t\t\t\t\t\t\t\t<\/div>\n\t\t\t\t<\/div>\n\t\t\t\t<div class=\"elementor-element elementor-element-49ff8ec elementor-widget elementor-widget-spacer\" data-id=\"49ff8ec\" data-element_type=\"widget\" data-widget_type=\"spacer.default\">\n\t\t\t\t<div class=\"elementor-widget-container\">\n\t\t\t\t\t\t\t<div class=\"elementor-spacer\">\n\t\t\t<div class=\"elementor-spacer-inner\"><\/div>\n\t\t<\/div>\n\t\t\t\t\t\t<\/div>\n\t\t\t\t<\/div>\n\t\t<div class=\"elementor-element elementor-element-d2f06fd e-con-full e-flex e-con e-child\" data-id=\"d2f06fd\" data-element_type=\"container\" data-settings=\"{&quot;_ha_eqh_enable&quot;:false}\">\n\t\t\t\t<div class=\"elementor-element elementor-element-7600d03 elementor-button-info elementor-invisible elementor-widget elementor-widget-button\" data-id=\"7600d03\" data-element_type=\"widget\" data-settings=\"{&quot;_animation&quot;:&quot;fadeInLeft&quot;}\" data-widget_type=\"button.default\">\n\t\t\t\t<div class=\"elementor-widget-container\">\n\t\t\t\t\t\t\t\t\t<div class=\"elementor-button-wrapper\">\n\t\t\t\t\t<a class=\"elementor-button elementor-size-sm\" role=\"button\">\n\t\t\t\t\t\t<span class=\"elementor-button-content-wrapper\">\n\t\t\t\t\t\t\t\t\t<span class=\"elementor-button-text\">Privatisez. Personnalisez. Profitez \u00e0 fond\u2026 et offrez \u00e0 votre groupe une exp\u00e9rience qu\u2019il n\u2019oubliera pas.<\/span>\n\t\t\t\t\t<\/span>\n\t\t\t\t\t<\/a>\n\t\t\t\t<\/div>\n\t\t\t\t\t\t\t\t<\/div>\n\t\t\t\t<\/div>\n\t\t\t\t<\/div>\n\t\t\t\t\t<\/div>\n\t\t\t\t<\/div>\n\t\t<div class=\"elementor-element elementor-element-a249c86 e-flex e-con-boxed e-con e-child\" data-id=\"a249c86\" data-element_type=\"container\" data-settings=\"{&quot;_ha_eqh_enable&quot;:false}\">\n\t\t\t\t\t<div class=\"e-con-inner\">\n\t\t\t\t<div class=\"elementor-element elementor-element-188f9d0 elementor-widget elementor-widget-image\" data-id=\"188f9d0\" data-element_type=\"widget\" data-settings=\"{&quot;_animation&quot;:&quot;none&quot;}\" data-widget_type=\"image.default\">\n\t\t\t\t<div class=\"elementor-widget-container\">\n\t\t\t\t\t\t\t\t\t\t\t\t\t\t\t<img fetchpriority=\"high\" decoding=\"async\" width=\"768\" height=\"432\" src=\"https:\/\/monde-virtuel-beauzelle.fr\/wp-content\/uploads\/2025\/06\/sharepoint-training-8112055_1920-768x432.jpg\" class=\"attachment-medium_large size-medium_large wp-image-435\" alt=\"Coll\u00e8gues\" srcset=\"https:\/\/monde-virtuel-beauzelle.fr\/wp-content\/uploads\/2025\/06\/sharepoint-training-8112055_1920-768x432.jpg 768w, https:\/\/monde-virtuel-beauzelle.fr\/wp-content\/uploads\/2025\/06\/sharepoint-training-8112055_1920-300x169.jpg 300w, https:\/\/monde-virtuel-beauzelle.fr\/wp-content\/uploads\/2025\/06\/sharepoint-training-8112055_1920-1024x576.jpg 1024w, https:\/\/monde-virtuel-beauzelle.fr\/wp-content\/uploads\/2025\/06\/sharepoint-training-8112055_1920-1536x864.jpg 1536w, https:\/\/monde-virtuel-beauzelle.fr\/wp-content\/uploads\/2025\/06\/sharepoint-training-8112055_1920.jpg 1920w\" sizes=\"(max-width: 768px) 100vw, 768px\" \/>\t\t\t\t\t\t\t\t\t\t\t\t\t\t\t<\/div>\n\t\t\t\t<\/div>\n\t\t\t\t\t<\/div>\n\t\t\t\t<\/div>\n\t\t\t\t<\/div>\n\t\t<div class=\"elementor-element elementor-element-d1cffc6 e-con-full e-flex e-con e-parent\" data-id=\"d1cffc6\" data-element_type=\"container\" data-settings=\"{&quot;background_background&quot;:&quot;gradient&quot;,&quot;_ha_eqh_enable&quot;:false}\">\n\t\t<div class=\"elementor-element elementor-element-979901f e-flex e-con-boxed e-con e-child\" data-id=\"979901f\" data-element_type=\"container\" data-settings=\"{&quot;_ha_eqh_enable&quot;:false}\">\n\t\t\t\t\t<div class=\"e-con-inner\">\n\t\t\t\t<div class=\"elementor-element elementor-element-d4e37a2 elementor-widget elementor-widget-image\" data-id=\"d4e37a2\" data-element_type=\"widget\" data-widget_type=\"image.default\">\n\t\t\t\t<div class=\"elementor-widget-container\">\n\t\t\t\t\t\t\t\t\t\t\t\t\t\t\t<img decoding=\"async\" src=\"https:\/\/monde-virtuel-beauzelle.fr\/wp-content\/uploads\/elementor\/thumbs\/reserved-2651045_1280-rek4ifqmh9taqthmoup4fkqjl8ymm0pxmg9lur7zeg.jpg\" title=\"reserved-2651045_1280\" alt=\"Reserved\" loading=\"lazy\" \/>\t\t\t\t\t\t\t\t\t\t\t\t\t\t\t<\/div>\n\t\t\t\t<\/div>\n\t\t\t\t<div class=\"elementor-element elementor-element-e429813 elementor-invisible elementor-widget elementor-widget-heading\" data-id=\"e429813\" data-element_type=\"widget\" data-settings=\"{&quot;_animation&quot;:&quot;zoomInUp&quot;}\" data-widget_type=\"heading.default\">\n\t\t\t\t<div class=\"elementor-widget-container\">\n\t\t\t\t\t<h3 class=\"elementor-heading-title elementor-size-default\">RESERVE MAINTENANT !<\/h3>\t\t\t\t<\/div>\n\t\t\t\t<\/div>\n\t\t\t\t<div class=\"elementor-element elementor-element-5f7c346 elementor-widget elementor-widget-text-editor\" data-id=\"5f7c346\" data-element_type=\"widget\" data-widget_type=\"text-editor.default\">\n\t\t\t\t<div class=\"elementor-widget-container\">\n\t\t\t\t\t\t\t\t\t<p>R\u00e9servez d\u00e8s maintenant votre cr\u00e9neau pour profiter pleinement de notre salle privatisable.<br data-start=\"212\" data-end=\"215\" \/>Les disponibilit\u00e9s partent vite, et chaque \u00e9v\u00e9nement m\u00e9rite d\u2019\u00eatre pr\u00e9par\u00e9 dans les meilleures conditions.<br data-start=\"321\" data-end=\"324\" data-is-only-node=\"\" \/>Ne laissez pas passer l\u2019occasion de cr\u00e9er un moment unique et sur-mesure pour votre groupe.<br data-start=\"415\" data-end=\"418\" \/>Faites le premier pas vers une exp\u00e9rience dont tout le monde se souviendra.<\/p>\t\t\t\t\t\t\t\t<\/div>\n\t\t\t\t<\/div>\n\t\t\t\t<div class=\"elementor-element elementor-element-45191c6 elementor-button-warning elementor-align-center elementor-widget elementor-widget-button\" data-id=\"45191c6\" data-element_type=\"widget\" data-widget_type=\"button.default\">\n\t\t\t\t<div class=\"elementor-widget-container\">\n\t\t\t\t\t\t\t\t\t<div class=\"elementor-button-wrapper\">\n\t\t\t\t\t<a class=\"elementor-button elementor-button-link elementor-size-sm\" href=\"https:\/\/monde-virtuel-beauzelle.fr\/?page_id=442\">\n\t\t\t\t\t\t<span class=\"elementor-button-content-wrapper\">\n\t\t\t\t\t\t\t\t\t<span class=\"elementor-button-text\">alors clique vite ici pour reserver !!!<\/span>\n\t\t\t\t\t<\/span>\n\t\t\t\t\t<\/a>\n\t\t\t\t<\/div>\n\t\t\t\t\t\t\t\t<\/div>\n\t\t\t\t<\/div>\n\t\t\t\t\t<\/div>\n\t\t\t\t<\/div>\n\t\t\t\t<\/div>\n\t\t\t\t<\/div>\n\t\t","protected":false},"excerpt":{"rendered":"<p>PRIVATISATION VOS EVENEMENTS MERITENT UN LIEU UNIQUE PRIVATISEZ, PERSONNALISEZ, PROFITEZ A FOND ! Organisez vos \u00e9v\u00e9nements professionnels ou familiaux dans [&hellip;]<\/p>\n","protected":false},"author":1,"featured_media":0,"parent":0,"menu_order":0,"comment_status":"closed","ping_status":"closed","template":"elementor_theme","meta":{"site-sidebar-layout":"no-sidebar","site-content-layout":"plain-container","ast-site-content-layout":"full-width-container","site-content-style":"default","site-sidebar-style":"default","ast-global-header-display":"","ast-banner-title-visibility":"","ast-main-header-display":"","ast-hfb-above-header-display":"","ast-hfb-below-header-display":"","ast-hfb-mobile-header-display":"","site-post-title":"disabled","ast-breadcrumbs-content":"","ast-featured-img":"disabled","footer-sml-layout":"","theme-transparent-header-meta":"enabled","adv-header-id-meta":"","stick-header-meta":"","header-above-stick-meta":"","header-main-stick-meta":"","header-below-stick-meta":"","astra-migrate-meta-layouts":"default","ast-page-background-enabled":"default","ast-page-background-meta":{"desktop":{"background-color":"var(--ast-global-color-5)","background-image":"","background-repeat":"repeat","background-position":"center center","background-size":"auto","background-attachment":"scroll","background-type":"","background-media":"","overlay-type":"","overlay-color":"","overlay-opacity":"","overlay-gradient":""},"tablet":{"background-color":"","background-image":"","background-repeat":"repeat","background-position":"center center","background-size":"auto","background-attachment":"scroll","background-type":"","background-media":"","overlay-type":"","overlay-color":"","overlay-opacity":"","overlay-gradient":""},"mobile":{"background-color":"","background-image":"","background-repeat":"repeat","background-position":"center center","background-size":"auto","background-attachment":"scroll","background-type":"","background-media":"","overlay-type":"","overlay-color":"","overlay-opacity":"","overlay-gradient":""}},"ast-content-background-meta":{"desktop":{"background-color":"var(--ast-global-color-4)","background-image":"","background-repeat":"repeat","background-position":"center center","background-size":"auto","background-attachment":"scroll","background-type":"","background-media":"","overlay-type":"","overlay-color":"","overlay-opacity":"","overlay-gradient":""},"tablet":{"background-color":"var(--ast-global-color-4)","background-image":"","background-repeat":"repeat","background-position":"center center","background-size":"auto","background-attachment":"scroll","background-type":"","background-media":"","overlay-type":"","overlay-color":"","overlay-opacity":"","overlay-gradient":""},"mobile":{"background-color":"var(--ast-global-color-4)","background-image":"","background-repeat":"repeat","background-position":"center center","background-size":"auto","background-attachment":"scroll","background-type":"","background-media":"","overlay-type":"","overlay-color":"","overlay-opacity":"","overlay-gradient":""}},"footnotes":""},"class_list":["post-428","page","type-page","status-publish","hentry"],"yoast_head":"<!-- This site is optimized with the Yoast SEO plugin v25.3 - https:\/\/yoast.com\/wordpress\/plugins\/seo\/ -->\n<title>Privatisation - Monde Virtuel Beauzelle<\/title>\n<meta name=\"robots\" content=\"index, follow, max-snippet:-1, max-image-preview:large, max-video-preview:-1\" \/>\n<link rel=\"canonical\" href=\"https:\/\/monde-virtuel-beauzelle.fr\/?page_id=428\" \/>\n<meta property=\"og:locale\" content=\"fr_FR\" \/>\n<meta property=\"og:type\" content=\"article\" \/>\n<meta property=\"og:title\" content=\"Privatisation - Monde Virtuel Beauzelle\" \/>\n<meta property=\"og:description\" content=\"PRIVATISATION VOS EVENEMENTS MERITENT UN LIEU UNIQUE PRIVATISEZ, PERSONNALISEZ, PROFITEZ A FOND ! Organisez vos \u00e9v\u00e9nements professionnels ou familiaux dans [&hellip;]\" \/>\n<meta property=\"og:url\" content=\"https:\/\/monde-virtuel-beauzelle.fr\/?page_id=428\" \/>\n<meta property=\"og:site_name\" content=\"Monde Virtuel Beauzelle\" \/>\n<meta property=\"article:modified_time\" content=\"2026-02-05T14:44:26+00:00\" \/>\n<meta property=\"og:image\" content=\"https:\/\/monde-virtuel-beauzelle.fr\/wp-content\/uploads\/2025\/06\/sharepoint-training-8112055_1920.jpg\" \/>\n\t<meta property=\"og:image:width\" content=\"1920\" \/>\n\t<meta property=\"og:image:height\" content=\"1080\" \/>\n\t<meta property=\"og:image:type\" content=\"image\/jpeg\" \/>\n<meta name=\"twitter:card\" content=\"summary_large_image\" \/>\n<meta name=\"twitter:label1\" content=\"Dur\u00e9e de lecture estim\u00e9e\" \/>\n\t<meta name=\"twitter:data1\" content=\"2 minutes\" \/>\n<script type=\"application\/ld+json\" class=\"yoast-schema-graph\">{\"@context\":\"https:\/\/schema.org\",\"@graph\":[{\"@type\":\"WebPage\",\"@id\":\"https:\/\/monde-virtuel-beauzelle.fr\/?page_id=428\",\"url\":\"https:\/\/monde-virtuel-beauzelle.fr\/?page_id=428\",\"name\":\"Privatisation - Monde Virtuel Beauzelle\",\"isPartOf\":{\"@id\":\"https:\/\/monde-virtuel-beauzelle.fr\/#website\"},\"primaryImageOfPage\":{\"@id\":\"https:\/\/monde-virtuel-beauzelle.fr\/?page_id=428#primaryimage\"},\"image\":{\"@id\":\"https:\/\/monde-virtuel-beauzelle.fr\/?page_id=428#primaryimage\"},\"thumbnailUrl\":\"https:\/\/monde-virtuel-beauzelle.fr\/wp-content\/uploads\/2025\/06\/sharepoint-training-8112055_1920-768x432.jpg\",\"datePublished\":\"2025-06-09T06:39:12+00:00\",\"dateModified\":\"2026-02-05T14:44:26+00:00\",\"breadcrumb\":{\"@id\":\"https:\/\/monde-virtuel-beauzelle.fr\/?page_id=428#breadcrumb\"},\"inLanguage\":\"fr-FR\",\"potentialAction\":[{\"@type\":\"ReadAction\",\"target\":[\"https:\/\/monde-virtuel-beauzelle.fr\/?page_id=428\"]}]},{\"@type\":\"ImageObject\",\"inLanguage\":\"fr-FR\",\"@id\":\"https:\/\/monde-virtuel-beauzelle.fr\/?page_id=428#primaryimage\",\"url\":\"https:\/\/monde-virtuel-beauzelle.fr\/wp-content\/uploads\/2025\/06\/sharepoint-training-8112055_1920.jpg\",\"contentUrl\":\"https:\/\/monde-virtuel-beauzelle.fr\/wp-content\/uploads\/2025\/06\/sharepoint-training-8112055_1920.jpg\",\"width\":1920,\"height\":1080,\"caption\":\"Coll\u00e8gues\"},{\"@type\":\"BreadcrumbList\",\"@id\":\"https:\/\/monde-virtuel-beauzelle.fr\/?page_id=428#breadcrumb\",\"itemListElement\":[{\"@type\":\"ListItem\",\"position\":1,\"name\":\"Accueil\",\"item\":\"https:\/\/monde-virtuel-beauzelle.fr\/\"},{\"@type\":\"ListItem\",\"position\":2,\"name\":\"Privatisation\"}]},{\"@type\":\"WebSite\",\"@id\":\"https:\/\/monde-virtuel-beauzelle.fr\/#website\",\"url\":\"https:\/\/monde-virtuel-beauzelle.fr\/\",\"name\":\"Monde Virtuel Beauzelle\",\"description\":\"Votre structure interactif au bord du plaisir\",\"potentialAction\":[{\"@type\":\"SearchAction\",\"target\":{\"@type\":\"EntryPoint\",\"urlTemplate\":\"https:\/\/monde-virtuel-beauzelle.fr\/?s={search_term_string}\"},\"query-input\":{\"@type\":\"PropertyValueSpecification\",\"valueRequired\":true,\"valueName\":\"search_term_string\"}}],\"inLanguage\":\"fr-FR\"}]}<\/script>\n<!-- \/ Yoast SEO plugin. -->","yoast_head_json":{"title":"Privatisation - Monde Virtuel Beauzelle","robots":{"index":"index","follow":"follow","max-snippet":"max-snippet:-1","max-image-preview":"max-image-preview:large","max-video-preview":"max-video-preview:-1"},"canonical":"https:\/\/monde-virtuel-beauzelle.fr\/?page_id=428","og_locale":"fr_FR","og_type":"article","og_title":"Privatisation - Monde Virtuel Beauzelle","og_description":"PRIVATISATION VOS EVENEMENTS MERITENT UN LIEU UNIQUE PRIVATISEZ, PERSONNALISEZ, PROFITEZ A FOND ! Organisez vos \u00e9v\u00e9nements professionnels ou familiaux dans [&hellip;]","og_url":"https:\/\/monde-virtuel-beauzelle.fr\/?page_id=428","og_site_name":"Monde Virtuel Beauzelle","article_modified_time":"2026-02-05T14:44:26+00:00","og_image":[{"width":1920,"height":1080,"url":"https:\/\/monde-virtuel-beauzelle.fr\/wp-content\/uploads\/2025\/06\/sharepoint-training-8112055_1920.jpg","type":"image\/jpeg"}],"twitter_card":"summary_large_image","twitter_misc":{"Dur\u00e9e de lecture estim\u00e9e":"2 minutes"},"schema":{"@context":"https:\/\/schema.org","@graph":[{"@type":"WebPage","@id":"https:\/\/monde-virtuel-beauzelle.fr\/?page_id=428","url":"https:\/\/monde-virtuel-beauzelle.fr\/?page_id=428","name":"Privatisation - Monde Virtuel Beauzelle","isPartOf":{"@id":"https:\/\/monde-virtuel-beauzelle.fr\/#website"},"primaryImageOfPage":{"@id":"https:\/\/monde-virtuel-beauzelle.fr\/?page_id=428#primaryimage"},"image":{"@id":"https:\/\/monde-virtuel-beauzelle.fr\/?page_id=428#primaryimage"},"thumbnailUrl":"https:\/\/monde-virtuel-beauzelle.fr\/wp-content\/uploads\/2025\/06\/sharepoint-training-8112055_1920-768x432.jpg","datePublished":"2025-06-09T06:39:12+00:00","dateModified":"2026-02-05T14:44:26+00:00","breadcrumb":{"@id":"https:\/\/monde-virtuel-beauzelle.fr\/?page_id=428#breadcrumb"},"inLanguage":"fr-FR","potentialAction":[{"@type":"ReadAction","target":["https:\/\/monde-virtuel-beauzelle.fr\/?page_id=428"]}]},{"@type":"ImageObject","inLanguage":"fr-FR","@id":"https:\/\/monde-virtuel-beauzelle.fr\/?page_id=428#primaryimage","url":"https:\/\/monde-virtuel-beauzelle.fr\/wp-content\/uploads\/2025\/06\/sharepoint-training-8112055_1920.jpg","contentUrl":"https:\/\/monde-virtuel-beauzelle.fr\/wp-content\/uploads\/2025\/06\/sharepoint-training-8112055_1920.jpg","width":1920,"height":1080,"caption":"Coll\u00e8gues"},{"@type":"BreadcrumbList","@id":"https:\/\/monde-virtuel-beauzelle.fr\/?page_id=428#breadcrumb","itemListElement":[{"@type":"ListItem","position":1,"name":"Accueil","item":"https:\/\/monde-virtuel-beauzelle.fr\/"},{"@type":"ListItem","position":2,"name":"Privatisation"}]},{"@type":"WebSite","@id":"https:\/\/monde-virtuel-beauzelle.fr\/#website","url":"https:\/\/monde-virtuel-beauzelle.fr\/","name":"Monde Virtuel Beauzelle","description":"Votre structure interactif au bord du plaisir","potentialAction":[{"@type":"SearchAction","target":{"@type":"EntryPoint","urlTemplate":"https:\/\/monde-virtuel-beauzelle.fr\/?s={search_term_string}"},"query-input":{"@type":"PropertyValueSpecification","valueRequired":true,"valueName":"search_term_string"}}],"inLanguage":"fr-FR"}]}},"_links":{"self":[{"href":"https:\/\/monde-virtuel-beauzelle.fr\/index.php?rest_route=\/wp\/v2\/pages\/428","targetHints":{"allow":["GET"]}}],"collection":[{"href":"https:\/\/monde-virtuel-beauzelle.fr\/index.php?rest_route=\/wp\/v2\/pages"}],"about":[{"href":"https:\/\/monde-virtuel-beauzelle.fr\/index.php?rest_route=\/wp\/v2\/types\/page"}],"author":[{"embeddable":true,"href":"https:\/\/monde-virtuel-beauzelle.fr\/index.php?rest_route=\/wp\/v2\/users\/1"}],"replies":[{"embeddable":true,"href":"https:\/\/monde-virtuel-beauzelle.fr\/index.php?rest_route=%2Fwp%2Fv2%2Fcomments&post=428"}],"version-history":[{"count":10,"href":"https:\/\/monde-virtuel-beauzelle.fr\/index.php?rest_route=\/wp\/v2\/pages\/428\/revisions"}],"predecessor-version":[{"id":616,"href":"https:\/\/monde-virtuel-beauzelle.fr\/index.php?rest_route=\/wp\/v2\/pages\/428\/revisions\/616"}],"wp:attachment":[{"href":"https:\/\/monde-virtuel-beauzelle.fr\/index.php?rest_route=%2Fwp%2Fv2%2Fmedia&parent=428"}],"curies":[{"name":"wp","href":"https:\/\/api.w.org\/{rel}","templated":true}]}}